{"id":56,"date":"2018-10-30T07:55:36","date_gmt":"2018-10-30T07:55:36","guid":{"rendered":"http:\/\/www.galloportugal.com\/?page_id=56"},"modified":"2025-06-03T15:39:47","modified_gmt":"2025-06-03T15:39:47","slug":"nossos-premios","status":"publish","type":"page","link":"https:\/\/victorguedes.com\/pt-br\/nossos-premios\/","title":{"rendered":"Os Nossos Pr\u00eamios"},"content":{"rendered":"<p>Segundo o EVOO World Ranking (Ranking Mundial de Azeite Extra Virgem), ranking sem fins lucrativos, que tem como objetivo promover os azeites de oliva extra virgens mais premiados do mundo levando em considera\u00e7\u00e3o os concursos mais renomados do segmento, a marca Gallo \u00e9 hoje, a companhia com o maior n\u00famero de premia\u00e7\u00f5es internacionais, totalizando 143 reconhecimentos.<\/p>\n<p>Em 2022, a Gallo comemorava o marco de ser a marca portuguesa mais premiada do mundo e agora, no ranking de 2024, pode celebrar a nova e maior conquista: ser a marca de azeites mais premiada do mundo.<\/p>\n<p>Um resultado que muito nos orgulha e que comprova a nossa paix\u00e3o pelo sabor e aroma dos azeites de oliva e a nossa busca incessante pela perfei\u00e7\u00e3o!<\/p>\n","protected":false},"excerpt":{"rendered":"<p>Segundo o EVOO World Ranking (Ranking Mundial de Azeite Extra Virgem), ranking sem fins lucrativos, que tem como objetivo promover os azeites de oliva extra virgens mais premiados do mundo levando em considera\u00e7\u00e3o os concursos mais renomados do segmento, a marca Gallo \u00e9 hoje, a companhia com o maior n\u00famero de premia\u00e7\u00f5es internacionais, totalizando 143 &hellip; <\/p>\n<p class=\"link-more\"><a href=\"https:\/\/victorguedes.com\/pt-br\/nossos-premios\/\" class=\"more-link\">Continue lendo<span class=\"screen-reader-text\"> &#8220;Os Nossos Pr\u00eamios&#8221;<\/span><\/a><\/p>\n","protected":false},"author":1,"featured_media":53961,"parent":0,"menu_order":0,"comment_status":"closed","ping_status":"closed","template":"inc\/premios.php","meta":{"footnotes":"","iawp_total_views":22},"acf":[],"aioseo_notices":[],"_links":{"self":[{"href":"https:\/\/victorguedes.com\/pt-br\/wp-json\/wp\/v2\/pages\/56"}],"collection":[{"href":"https:\/\/victorguedes.com\/pt-br\/wp-json\/wp\/v2\/pages"}],"about":[{"href":"https:\/\/victorguedes.com\/pt-br\/wp-json\/wp\/v2\/types\/page"}],"author":[{"embeddable":true,"href":"https:\/\/victorguedes.com\/pt-br\/wp-json\/wp\/v2\/users\/1"}],"replies":[{"embeddable":true,"href":"https:\/\/victorguedes.com\/pt-br\/wp-json\/wp\/v2\/comments?post=56"}],"version-history":[{"count":38,"href":"https:\/\/victorguedes.com\/pt-br\/wp-json\/wp\/v2\/pages\/56\/revisions"}],"predecessor-version":[{"id":789371,"href":"https:\/\/victorguedes.com\/pt-br\/wp-json\/wp\/v2\/pages\/56\/revisions\/789371"}],"wp:featuredmedia":[{"embeddable":true,"href":"https:\/\/victorguedes.com\/pt-br\/wp-json\/wp\/v2\/media\/53961"}],"wp:attachment":[{"href":"https:\/\/victorguedes.com\/pt-br\/wp-json\/wp\/v2\/media?parent=56"}],"curies":[{"name":"wp","href":"https:\/\/api.w.org\/{rel}","templated":true}]}}