{"id":51,"date":"2018-10-30T07:54:16","date_gmt":"2018-10-30T07:54:16","guid":{"rendered":"http:\/\/www.galloportugal.com\/?page_id=51"},"modified":"2024-02-06T09:24:59","modified_gmt":"2024-02-06T09:24:59","slug":"momentos","status":"publish","type":"page","link":"https:\/\/victorguedes.com\/pt-br\/momentos\/","title":{"rendered":"Momentos Memor\u00e1veis"},"content":{"rendered":"<p>Momentos \u00e0 mesa que d\u00e3o sabor \u00e0 vida<\/p>\n","protected":false},"excerpt":{"rendered":"<p>Momentos \u00e0 mesa que d\u00e3o sabor \u00e0 vida<\/p>\n","protected":false},"author":1,"featured_media":14636,"parent":0,"menu_order":0,"comment_status":"closed","ping_status":"closed","template":"inc\/momentos_listing.php","meta":{"footnotes":"","iawp_total_views":0},"acf":[],"aioseo_notices":[],"_links":{"self":[{"href":"https:\/\/victorguedes.com\/pt-br\/wp-json\/wp\/v2\/pages\/51"}],"collection":[{"href":"https:\/\/victorguedes.com\/pt-br\/wp-json\/wp\/v2\/pages"}],"about":[{"href":"https:\/\/victorguedes.com\/pt-br\/wp-json\/wp\/v2\/types\/page"}],"author":[{"embeddable":true,"href":"https:\/\/victorguedes.com\/pt-br\/wp-json\/wp\/v2\/users\/1"}],"replies":[{"embeddable":true,"href":"https:\/\/victorguedes.com\/pt-br\/wp-json\/wp\/v2\/comments?post=51"}],"version-history":[{"count":11,"href":"https:\/\/victorguedes.com\/pt-br\/wp-json\/wp\/v2\/pages\/51\/revisions"}],"predecessor-version":[{"id":758606,"href":"https:\/\/victorguedes.com\/pt-br\/wp-json\/wp\/v2\/pages\/51\/revisions\/758606"}],"wp:featuredmedia":[{"embeddable":true,"href":"https:\/\/victorguedes.com\/pt-br\/wp-json\/wp\/v2\/media\/14636"}],"wp:attachment":[{"href":"https:\/\/victorguedes.com\/pt-br\/wp-json\/wp\/v2\/media?parent=51"}],"curies":[{"name":"wp","href":"https:\/\/api.w.org\/{rel}","templated":true}]}}