{"id":16082,"date":"2019-01-05T14:38:08","date_gmt":"2019-01-05T14:38:08","guid":{"rendered":"http:\/\/www.galloportugal.com\/?page_id=16082"},"modified":"2025-06-20T10:23:28","modified_gmt":"2025-06-20T10:23:28","slug":"qualidade-certificada","status":"publish","type":"page","link":"https:\/\/victorguedes.com\/pt-br\/qualidade-certificada\/","title":{"rendered":"Qualidade Certificada"},"content":{"rendered":"<p>Antes de sa\u00edrem da nossa f\u00e1brica, em Abrantes, Portugal, para o mundo, todos os azeites Gallo s\u00e3o submetidos a rigorosos testes de qualidade.<\/p>\n","protected":false},"excerpt":{"rendered":"<p>Antes de sa\u00edrem da nossa f\u00e1brica, em Abrantes, Portugal, para o mundo, todos os azeites Gallo s\u00e3o submetidos a rigorosos testes de qualidade.<\/p>\n","protected":false},"author":1,"featured_media":15186,"parent":0,"menu_order":0,"comment_status":"closed","ping_status":"closed","template":"inc\/tmp-certificate.php","meta":{"footnotes":"","iawp_total_views":70},"acf":[],"aioseo_notices":[],"_links":{"self":[{"href":"https:\/\/victorguedes.com\/pt-br\/wp-json\/wp\/v2\/pages\/16082"}],"collection":[{"href":"https:\/\/victorguedes.com\/pt-br\/wp-json\/wp\/v2\/pages"}],"about":[{"href":"https:\/\/victorguedes.com\/pt-br\/wp-json\/wp\/v2\/types\/page"}],"author":[{"embeddable":true,"href":"https:\/\/victorguedes.com\/pt-br\/wp-json\/wp\/v2\/users\/1"}],"replies":[{"embeddable":true,"href":"https:\/\/victorguedes.com\/pt-br\/wp-json\/wp\/v2\/comments?post=16082"}],"version-history":[{"count":12,"href":"https:\/\/victorguedes.com\/pt-br\/wp-json\/wp\/v2\/pages\/16082\/revisions"}],"predecessor-version":[{"id":790301,"href":"https:\/\/victorguedes.com\/pt-br\/wp-json\/wp\/v2\/pages\/16082\/revisions\/790301"}],"wp:featuredmedia":[{"embeddable":true,"href":"https:\/\/victorguedes.com\/pt-br\/wp-json\/wp\/v2\/media\/15186"}],"wp:attachment":[{"href":"https:\/\/victorguedes.com\/pt-br\/wp-json\/wp\/v2\/media?parent=16082"}],"curies":[{"name":"wp","href":"https:\/\/api.w.org\/{rel}","templated":true}]}}