{"id":12399,"date":"2018-12-27T11:04:32","date_gmt":"2018-12-27T11:04:32","guid":{"rendered":"http:\/\/www.galloportugal.com\/a-nossa-historia-2\/"},"modified":"2021-04-06T10:59:31","modified_gmt":"2021-04-06T10:59:31","slug":"a-nossa-historia","status":"publish","type":"page","link":"https:\/\/victorguedes.com\/pt-br\/a-nossa-historia\/","title":{"rendered":"A Nossa Hist\u00f3ria"},"content":{"rendered":"<h1>Um legado com 100 anos de hist\u00f3ria<\/h1>\n<p><em><span style=\"font-weight: 400;\">Em 1860, na sua f\u00e1brica em Abrantes, Portugal, Victor Guedes sonhou em produzir um dos melhores azeites do mundo. Atrav\u00e9s da sua dedica\u00e7\u00e3o, nascia o azeite Gallo. Em 1919, a marca foi registada e desde a\u00ed n\u00e3o parou de crescer e inovar, tornando-se numa refer\u00eancia nacional e internacional. Hoje, a mestria centen\u00e1ria de Gallo leva at\u00e9 \u00e0 sua mesa n\u00e3o apenas os melhores azeites, mas tamb\u00e9m outros produtos, sempre com o foco na qualidade.<\/span><\/em><\/p>\n<p>&nbsp;<\/p>\n<p>&nbsp;<\/p>\n","protected":false},"excerpt":{"rendered":"<p>Um legado com 100 anos de hist\u00f3ria Em 1860, na sua f\u00e1brica em Abrantes, Portugal, Victor Guedes sonhou em produzir um dos melhores azeites do mundo. Atrav\u00e9s da sua dedica\u00e7\u00e3o, nascia o azeite Gallo. Em 1919, a marca foi registada e desde a\u00ed n\u00e3o parou de crescer e inovar, tornando-se numa refer\u00eancia nacional e internacional. &hellip; <\/p>\n<p class=\"link-more\"><a href=\"https:\/\/victorguedes.com\/pt-br\/a-nossa-historia\/\" class=\"more-link\">Continue lendo<span class=\"screen-reader-text\"> &#8220;A Nossa Hist\u00f3ria&#8221;<\/span><\/a><\/p>\n","protected":false},"author":1,"featured_media":1471,"parent":0,"menu_order":0,"comment_status":"closed","ping_status":"closed","template":"inc\/tmp-history.php","meta":{"footnotes":"","iawp_total_views":29},"acf":[],"aioseo_notices":[],"_links":{"self":[{"href":"https:\/\/victorguedes.com\/pt-br\/wp-json\/wp\/v2\/pages\/12399"}],"collection":[{"href":"https:\/\/victorguedes.com\/pt-br\/wp-json\/wp\/v2\/pages"}],"about":[{"href":"https:\/\/victorguedes.com\/pt-br\/wp-json\/wp\/v2\/types\/page"}],"author":[{"embeddable":true,"href":"https:\/\/victorguedes.com\/pt-br\/wp-json\/wp\/v2\/users\/1"}],"replies":[{"embeddable":true,"href":"https:\/\/victorguedes.com\/pt-br\/wp-json\/wp\/v2\/comments?post=12399"}],"version-history":[{"count":138,"href":"https:\/\/victorguedes.com\/pt-br\/wp-json\/wp\/v2\/pages\/12399\/revisions"}],"predecessor-version":[{"id":606113,"href":"https:\/\/victorguedes.com\/pt-br\/wp-json\/wp\/v2\/pages\/12399\/revisions\/606113"}],"wp:featuredmedia":[{"embeddable":true,"href":"https:\/\/victorguedes.com\/pt-br\/wp-json\/wp\/v2\/media\/1471"}],"wp:attachment":[{"href":"https:\/\/victorguedes.com\/pt-br\/wp-json\/wp\/v2\/media?parent=12399"}],"curies":[{"name":"wp","href":"https:\/\/api.w.org\/{rel}","templated":true}]}}