{"id":4621,"date":"2018-10-29T11:18:12","date_gmt":"2018-10-29T11:18:12","guid":{"rendered":"http:\/\/www.galloportugal.com\/contate-nos\/"},"modified":"2020-01-15T09:42:04","modified_gmt":"2020-01-15T09:42:04","slug":"kontakt","status":"publish","type":"page","link":"https:\/\/victorguedes.com\/pl\/kontakt\/","title":{"rendered":"Zapraszamy do rozmowy"},"content":{"rendered":"<p><span style=\"font-weight: 400;\">Z przyjemno\u015bci\u0105 pomo\u017cemy. Je\u017celi maj\u0105 Pa\u0144stwo jak\u0105\u015b sugesti\u0119 lub pytanie, zach\u0119camy do kontaktu z nami lub do skorzystania z sekcji Najcz\u0119\u015bciej zadawane pytania.<\/span><\/p>\n<p>&nbsp;<\/p>\n","protected":false},"excerpt":{"rendered":"<p>Z przyjemno\u015bci\u0105 pomo\u017cemy. Je\u017celi maj\u0105 Pa\u0144stwo jak\u0105\u015b sugesti\u0119 lub pytanie, zach\u0119camy do kontaktu z nami lub do skorzystania z sekcji Najcz\u0119\u015bciej zadawane pytania. &nbsp;<\/p>\n","protected":false},"author":1,"featured_media":47816,"parent":0,"menu_order":0,"comment_status":"closed","ping_status":"closed","template":"inc\/contact.php","meta":{"footnotes":"","iawp_total_views":0},"acf":[],"aioseo_notices":[],"_links":{"self":[{"href":"https:\/\/victorguedes.com\/pl\/wp-json\/wp\/v2\/pages\/4621"}],"collection":[{"href":"https:\/\/victorguedes.com\/pl\/wp-json\/wp\/v2\/pages"}],"about":[{"href":"https:\/\/victorguedes.com\/pl\/wp-json\/wp\/v2\/types\/page"}],"author":[{"embeddable":true,"href":"https:\/\/victorguedes.com\/pl\/wp-json\/wp\/v2\/users\/1"}],"replies":[{"embeddable":true,"href":"https:\/\/victorguedes.com\/pl\/wp-json\/wp\/v2\/comments?post=4621"}],"version-history":[{"count":6,"href":"https:\/\/victorguedes.com\/pl\/wp-json\/wp\/v2\/pages\/4621\/revisions"}],"predecessor-version":[{"id":17744,"href":"https:\/\/victorguedes.com\/pl\/wp-json\/wp\/v2\/pages\/4621\/revisions\/17744"}],"wp:featuredmedia":[{"embeddable":true,"href":"https:\/\/victorguedes.com\/pl\/wp-json\/wp\/v2\/media\/47816"}],"wp:attachment":[{"href":"https:\/\/victorguedes.com\/pl\/wp-json\/wp\/v2\/media?parent=4621"}],"curies":[{"name":"wp","href":"https:\/\/api.w.org\/{rel}","templated":true}]}}