{"id":2268,"date":"2018-10-30T08:00:59","date_gmt":"2018-10-30T08:00:59","guid":{"rendered":"http:\/\/www.galloportugal.com\/politica-de-privacidade\/"},"modified":"2020-01-22T13:01:25","modified_gmt":"2020-01-22T13:01:25","slug":"polityka-prywatnosci","status":"publish","type":"page","link":"https:\/\/victorguedes.com\/pl\/polityka-prywatnosci\/","title":{"rendered":"Polityka Prywatno\u015bci"},"content":{"rendered":"<p><span style=\"font-weight: 400;\">Wiemy, \u017ce dla klienta dane osobowe oraz to, w jaki spos\u00f3b s\u0105 u\u017cywane, ma du\u017ce znaczenie i chcemy, aby klient mia\u0142 zaufanie do firmy GALLO w kwestii zbierania i przetwarzania danych osobowych. Polityka prywatno\u015bci pomo\u017ce klientowi zrozumie\u0107, jakie dane osobowe zbieramy, dlaczego je zbieramy i jakie dzia\u0142ania wobec nich podejmujemy. <\/span><\/p>\n<p><span style=\"font-weight: 400;\">Po\u015bwi\u0119\u0107 chwil\u0119, aby pozna\u0107 nasze praktyki dotycz\u0105ce prywatno\u015bci, a je\u015bli masz jakie\u015b pytania, skontaktuj si\u0119 z nami za po\u015brednictwem naszego <a href=\"https:\/\/www.galloportugal.com\/pl\/kontakt\/\">formularza kontaktowego<\/a>.<\/span><\/p>\n<p><span style=\"font-weight: 400;\">Do\u0142o\u017cyli\u015bmy wszelkich stara\u0144, by niniejsze Zasady zosta\u0142y opisane w mo\u017cliwie najprostszy spos\u00f3b, ale je\u015bli klient nie jest zaznajomiony z takimi terminami, jak plik cookie, adres IP i przegl\u0105darka, powinien skontaktowa\u0107 si\u0119 z firm\u0105 GALLO w celu uzyskania dalszych wyja\u015bnie\u0144 lub szczeg\u00f3\u0142owych informacji. <\/span><\/p>\n<p style=\"text-align: left;\">\n","protected":false},"excerpt":{"rendered":"<p>Wiemy, \u017ce dla klienta dane osobowe oraz to, w jaki spos\u00f3b s\u0105 u\u017cywane, ma du\u017ce znaczenie i chcemy, aby klient mia\u0142 zaufanie do firmy GALLO w kwestii zbierania i przetwarzania danych osobowych. Polityka prywatno\u015bci pomo\u017ce klientowi zrozumie\u0107, jakie dane osobowe zbieramy, dlaczego je zbieramy i jakie dzia\u0142ania wobec nich podejmujemy. Po\u015bwi\u0119\u0107 chwil\u0119, aby pozna\u0107 nasze &hellip; <\/p>\n<p class=\"link-more\"><a href=\"https:\/\/victorguedes.com\/pl\/polityka-prywatnosci\/\" class=\"more-link\">Czytaj dalej<span class=\"screen-reader-text\"> Polityka Prywatno\u015bci<\/span><\/a><\/p>\n","protected":false},"author":1,"featured_media":3524,"parent":0,"menu_order":0,"comment_status":"closed","ping_status":"closed","template":"inc\/tmp-cookie.php","meta":{"footnotes":"","iawp_total_views":0},"acf":[],"aioseo_notices":[],"_links":{"self":[{"href":"https:\/\/victorguedes.com\/pl\/wp-json\/wp\/v2\/pages\/2268"}],"collection":[{"href":"https:\/\/victorguedes.com\/pl\/wp-json\/wp\/v2\/pages"}],"about":[{"href":"https:\/\/victorguedes.com\/pl\/wp-json\/wp\/v2\/types\/page"}],"author":[{"embeddable":true,"href":"https:\/\/victorguedes.com\/pl\/wp-json\/wp\/v2\/users\/1"}],"replies":[{"embeddable":true,"href":"https:\/\/victorguedes.com\/pl\/wp-json\/wp\/v2\/comments?post=2268"}],"version-history":[{"count":8,"href":"https:\/\/victorguedes.com\/pl\/wp-json\/wp\/v2\/pages\/2268\/revisions"}],"predecessor-version":[{"id":41671,"href":"https:\/\/victorguedes.com\/pl\/wp-json\/wp\/v2\/pages\/2268\/revisions\/41671"}],"wp:featuredmedia":[{"embeddable":true,"href":"https:\/\/victorguedes.com\/pl\/wp-json\/wp\/v2\/media\/3524"}],"wp:attachment":[{"href":"https:\/\/victorguedes.com\/pl\/wp-json\/wp\/v2\/media?parent=2268"}],"curies":[{"name":"wp","href":"https:\/\/api.w.org\/{rel}","templated":true}]}}