{"id":2267,"date":"2018-10-30T08:01:11","date_gmt":"2018-10-30T08:01:11","guid":{"rendered":"http:\/\/www.galloportugal.com\/politica-de-cookies\/"},"modified":"2020-01-22T13:01:45","modified_gmt":"2020-01-22T13:01:45","slug":"zasady-dotyczace-plikow-cookie","status":"publish","type":"page","link":"https:\/\/victorguedes.com\/pl\/zasady-dotyczace-plikow-cookie\/","title":{"rendered":"Zasady dotycz\u0105ce plik\u00f3w cookie"},"content":{"rendered":"<p><span style=\"font-weight: 400;\">Firma GALLO uwzgl\u0119dnia trosk\u0119 klienta o zachowanie prywatno\u015bci i ceni relacje z klientem. Jak wiele firm w naszej witrynie internetowej ykorzystujemy technologi\u0119 do zbierania informacji, kt\u00f3re pomagaj\u0105 nam poprawia\u0107 jako\u015b\u0107 obs\u0142ugi oraz produkt\u00f3w i us\u0142ug. Pliki cookie wykorzystywane przez firm\u0119 ALLO umo\u017cliwiaj\u0105 funkcjonowanie naszej witryny oraz pomagaj\u0105 nam dowiedzie\u0107 si\u0119, kt\u00f3re informacje i materia\u0142y reklamowe s\u0105 najbardziej przydatne dla odwiedzaj\u0105cych. <\/span><\/p>\n<p><span style=\"font-weight: 400;\">Po\u015bwi\u0119\u0107 chwil\u0119 na zapoznanie si\u0119 z naszymi praktykami dotycz\u0105cymi plik\u00f3w cookie, a je\u015bli masz jakiekolwiek pytania, skontaktuj si\u0119 z nami za po\u015brednictwem naszego <a href=\"https:\/\/www.galloportugal.com\/pl\/kontakt\/\">formularza kontaktowego<\/a>.<br \/>\n<\/span><\/p>\n<p><span style=\"font-weight: 400;\">Do\u0142o\u017cyli\u015bmy wszelkich stara\u0144, by niniejsze Zasady zosta\u0142y opisane w mo\u017cliwie najprostszy spos\u00f3b, ale je\u015bli klient nie rozumie takich termin\u00f3w, jak plik cookie, adres IP i przegl\u0105darka, powinien skontaktowa\u0107 si\u0119 z firm\u0105 GALLO w celu uzyskania dalszych wyja\u015bnie\u0144 lub szczeg\u00f3\u0142owych informacji.<\/span><\/p>\n","protected":false},"excerpt":{"rendered":"<p>Firma GALLO uwzgl\u0119dnia trosk\u0119 klienta o zachowanie prywatno\u015bci i ceni relacje z klientem. Jak wiele firm w naszej witrynie internetowej ykorzystujemy technologi\u0119 do zbierania informacji, kt\u00f3re pomagaj\u0105 nam poprawia\u0107 jako\u015b\u0107 obs\u0142ugi oraz produkt\u00f3w i us\u0142ug. Pliki cookie wykorzystywane przez firm\u0119 ALLO umo\u017cliwiaj\u0105 funkcjonowanie naszej witryny oraz pomagaj\u0105 nam dowiedzie\u0107 si\u0119, kt\u00f3re informacje i materia\u0142y reklamowe &hellip; <\/p>\n<p class=\"link-more\"><a href=\"https:\/\/victorguedes.com\/pl\/zasady-dotyczace-plikow-cookie\/\" class=\"more-link\">Czytaj dalej<span class=\"screen-reader-text\"> Zasady dotycz\u0105ce plik\u00f3w cookie<\/span><\/a><\/p>\n","protected":false},"author":1,"featured_media":3524,"parent":0,"menu_order":0,"comment_status":"closed","ping_status":"closed","template":"inc\/tmp-cookie.php","meta":{"footnotes":"","iawp_total_views":0},"acf":[],"aioseo_notices":[],"_links":{"self":[{"href":"https:\/\/victorguedes.com\/pl\/wp-json\/wp\/v2\/pages\/2267"}],"collection":[{"href":"https:\/\/victorguedes.com\/pl\/wp-json\/wp\/v2\/pages"}],"about":[{"href":"https:\/\/victorguedes.com\/pl\/wp-json\/wp\/v2\/types\/page"}],"author":[{"embeddable":true,"href":"https:\/\/victorguedes.com\/pl\/wp-json\/wp\/v2\/users\/1"}],"replies":[{"embeddable":true,"href":"https:\/\/victorguedes.com\/pl\/wp-json\/wp\/v2\/comments?post=2267"}],"version-history":[{"count":7,"href":"https:\/\/victorguedes.com\/pl\/wp-json\/wp\/v2\/pages\/2267\/revisions"}],"predecessor-version":[{"id":41661,"href":"https:\/\/victorguedes.com\/pl\/wp-json\/wp\/v2\/pages\/2267\/revisions\/41661"}],"wp:featuredmedia":[{"embeddable":true,"href":"https:\/\/victorguedes.com\/pl\/wp-json\/wp\/v2\/media\/3524"}],"wp:attachment":[{"href":"https:\/\/victorguedes.com\/pl\/wp-json\/wp\/v2\/media?parent=2267"}],"curies":[{"name":"wp","href":"https:\/\/api.w.org\/{rel}","templated":true}]}}