{"id":13014,"date":"2018-12-27T11:04:32","date_gmt":"2018-12-27T11:04:32","guid":{"rendered":"http:\/\/www.galloportugal.com\/?page_id=13014"},"modified":"2020-04-23T15:42:04","modified_gmt":"2020-04-23T15:42:04","slug":"nasza-historia","status":"publish","type":"page","link":"https:\/\/victorguedes.com\/pl\/nasza-historia\/","title":{"rendered":"NASZA HISTORIA"},"content":{"rendered":"<h1>100-letnie dziedzictwo<\/h1>\n<p><em><span style=\"font-weight: 400;\">W 1860 roku w swojej fabryce w Abrantes w Portugalii Victor Guedes marzy\u0142 o produkowaniu najlepszej na \u015bwiecie oliwy z oliwek. Z tej pasji narodzi\u0142a si\u0119 oliwa Gallo. W 1919 roku zarejestrowano mark\u0119, kt\u00f3ra odt\u0105d wci\u0105\u017c rozwija si\u0119 i wprowadza innowacj\u0119, staj\u0105c si\u0119 krajowym i mi\u0119dzynarodowym liderem. Obecnie stuletnie mistrzostwo Gallo przek\u0142ada si\u0119 na najdoskonalsze oliwy i inne produkty, kt\u00f3re tworzymy, d\u0105\u017c\u0105c do najwy\u017cszej jako\u015bci.<\/span><\/em><\/p>\n<p>&nbsp;<\/p>\n<p>&nbsp;<\/p>\n","protected":false},"excerpt":{"rendered":"<p>100-letnie dziedzictwo W 1860 roku w swojej fabryce w Abrantes w Portugalii Victor Guedes marzy\u0142 o produkowaniu najlepszej na \u015bwiecie oliwy z oliwek. Z tej pasji narodzi\u0142a si\u0119 oliwa Gallo. W 1919 roku zarejestrowano mark\u0119, kt\u00f3ra odt\u0105d wci\u0105\u017c rozwija si\u0119 i wprowadza innowacj\u0119, staj\u0105c si\u0119 krajowym i mi\u0119dzynarodowym liderem. Obecnie stuletnie mistrzostwo Gallo przek\u0142ada si\u0119 &hellip; <\/p>\n<p class=\"link-more\"><a href=\"https:\/\/victorguedes.com\/pl\/nasza-historia\/\" class=\"more-link\">Czytaj dalej<span class=\"screen-reader-text\"> NASZA HISTORIA<\/span><\/a><\/p>\n","protected":false},"author":1,"featured_media":1473,"parent":0,"menu_order":0,"comment_status":"closed","ping_status":"closed","template":"inc\/tmp-history.php","meta":{"footnotes":"","iawp_total_views":1},"acf":[],"aioseo_notices":[],"_links":{"self":[{"href":"https:\/\/victorguedes.com\/pl\/wp-json\/wp\/v2\/pages\/13014"}],"collection":[{"href":"https:\/\/victorguedes.com\/pl\/wp-json\/wp\/v2\/pages"}],"about":[{"href":"https:\/\/victorguedes.com\/pl\/wp-json\/wp\/v2\/types\/page"}],"author":[{"embeddable":true,"href":"https:\/\/victorguedes.com\/pl\/wp-json\/wp\/v2\/users\/1"}],"replies":[{"embeddable":true,"href":"https:\/\/victorguedes.com\/pl\/wp-json\/wp\/v2\/comments?post=13014"}],"version-history":[{"count":31,"href":"https:\/\/victorguedes.com\/pl\/wp-json\/wp\/v2\/pages\/13014\/revisions"}],"predecessor-version":[{"id":34665,"href":"https:\/\/victorguedes.com\/pl\/wp-json\/wp\/v2\/pages\/13014\/revisions\/34665"}],"wp:featuredmedia":[{"embeddable":true,"href":"https:\/\/victorguedes.com\/pl\/wp-json\/wp\/v2\/media\/1473"}],"wp:attachment":[{"href":"https:\/\/victorguedes.com\/pl\/wp-json\/wp\/v2\/media?parent=13014"}],"curies":[{"name":"wp","href":"https:\/\/api.w.org\/{rel}","templated":true}]}}