{"id":11925,"date":"2018-10-30T07:55:36","date_gmt":"2018-10-30T07:55:36","guid":{"rendered":"http:\/\/www.galloportugal.com\/?page_id=11925"},"modified":"2025-06-02T15:20:32","modified_gmt":"2025-06-02T15:20:32","slug":"nasze-nagrody","status":"publish","type":"page","link":"https:\/\/victorguedes.com\/pl\/nasze-nagrody\/","title":{"rendered":"Nasze nagrody"},"content":{"rendered":"<p>Jako\u015b\u0107 naszej oliwy i octu znajduje uznanie na ca\u0142ym \u015bwiecie. Jeste\u015bmy dumni z tych nagr\u00f3d, ale wi\u0105\u017c\u0105 si\u0119 one r\u00f3wnie\u017c z coraz wi\u0119ksz\u0105 odpowiedzialno\u015bci\u0105 i pragnieniem ci\u0105g\u0142ego doskonalenia i dostarczania najlepszych produkt\u00f3w.<br \/>\nZobacz, gdzie w ostatnich latach zdobyli\u015bmy nagrody:<\/p>\n","protected":false},"excerpt":{"rendered":"<p>Jako\u015b\u0107 naszej oliwy i octu znajduje uznanie na ca\u0142ym \u015bwiecie. Jeste\u015bmy dumni z tych nagr\u00f3d, ale wi\u0105\u017c\u0105 si\u0119 one r\u00f3wnie\u017c z coraz wi\u0119ksz\u0105 odpowiedzialno\u015bci\u0105 i pragnieniem ci\u0105g\u0142ego doskonalenia i dostarczania najlepszych produkt\u00f3w. Zobacz, gdzie w ostatnich latach zdobyli\u015bmy nagrody:<\/p>\n","protected":false},"author":1,"featured_media":53960,"parent":0,"menu_order":0,"comment_status":"closed","ping_status":"closed","template":"inc\/premios.php","meta":{"footnotes":"","iawp_total_views":0},"acf":[],"aioseo_notices":[],"_links":{"self":[{"href":"https:\/\/victorguedes.com\/pl\/wp-json\/wp\/v2\/pages\/11925"}],"collection":[{"href":"https:\/\/victorguedes.com\/pl\/wp-json\/wp\/v2\/pages"}],"about":[{"href":"https:\/\/victorguedes.com\/pl\/wp-json\/wp\/v2\/types\/page"}],"author":[{"embeddable":true,"href":"https:\/\/victorguedes.com\/pl\/wp-json\/wp\/v2\/users\/1"}],"replies":[{"embeddable":true,"href":"https:\/\/victorguedes.com\/pl\/wp-json\/wp\/v2\/comments?post=11925"}],"version-history":[{"count":6,"href":"https:\/\/victorguedes.com\/pl\/wp-json\/wp\/v2\/pages\/11925\/revisions"}],"predecessor-version":[{"id":788959,"href":"https:\/\/victorguedes.com\/pl\/wp-json\/wp\/v2\/pages\/11925\/revisions\/788959"}],"wp:featuredmedia":[{"embeddable":true,"href":"https:\/\/victorguedes.com\/pl\/wp-json\/wp\/v2\/media\/53960"}],"wp:attachment":[{"href":"https:\/\/victorguedes.com\/pl\/wp-json\/wp\/v2\/media?parent=11925"}],"curies":[{"name":"wp","href":"https:\/\/api.w.org\/{rel}","templated":true}]}}