{"id":11918,"date":"2018-10-30T07:54:16","date_gmt":"2018-10-30T07:54:16","guid":{"rendered":"http:\/\/www.galloportugal.com\/?page_id=11918"},"modified":"2019-01-10T13:42:20","modified_gmt":"2019-01-10T13:42:20","slug":"wydarzenia","status":"publish","type":"page","link":"https:\/\/victorguedes.com\/pl\/wydarzenia\/","title":{"rendered":"Wydarzenia"},"content":{"rendered":"<p>Chwile przy stole, kt\u00f3re nadaj\u0105 \u017cyciu smak<\/p>\n","protected":false},"excerpt":{"rendered":"<p>Chwile przy stole, kt\u00f3re nadaj\u0105 \u017cyciu smak<\/p>\n","protected":false},"author":1,"featured_media":14635,"parent":0,"menu_order":0,"comment_status":"closed","ping_status":"closed","template":"inc\/momentos_listing.php","meta":{"footnotes":"","iawp_total_views":0},"acf":[],"aioseo_notices":[],"_links":{"self":[{"href":"https:\/\/victorguedes.com\/pl\/wp-json\/wp\/v2\/pages\/11918"}],"collection":[{"href":"https:\/\/victorguedes.com\/pl\/wp-json\/wp\/v2\/pages"}],"about":[{"href":"https:\/\/victorguedes.com\/pl\/wp-json\/wp\/v2\/types\/page"}],"author":[{"embeddable":true,"href":"https:\/\/victorguedes.com\/pl\/wp-json\/wp\/v2\/users\/1"}],"replies":[{"embeddable":true,"href":"https:\/\/victorguedes.com\/pl\/wp-json\/wp\/v2\/comments?post=11918"}],"version-history":[{"count":4,"href":"https:\/\/victorguedes.com\/pl\/wp-json\/wp\/v2\/pages\/11918\/revisions"}],"predecessor-version":[{"id":15487,"href":"https:\/\/victorguedes.com\/pl\/wp-json\/wp\/v2\/pages\/11918\/revisions\/15487"}],"wp:featuredmedia":[{"embeddable":true,"href":"https:\/\/victorguedes.com\/pl\/wp-json\/wp\/v2\/media\/14635"}],"wp:attachment":[{"href":"https:\/\/victorguedes.com\/pl\/wp-json\/wp\/v2\/media?parent=11918"}],"curies":[{"name":"wp","href":"https:\/\/api.w.org\/{rel}","templated":true}]}}