{"id":11845,"date":"2018-11-20T07:56:40","date_gmt":"2018-11-20T07:56:40","guid":{"rendered":"http:\/\/www.galloportugal.com\/?page_id=11845"},"modified":"2020-02-05T12:31:22","modified_gmt":"2020-02-05T12:31:22","slug":"komparator-produktu","status":"publish","type":"page","link":"https:\/\/victorguedes.com\/pl\/komparator-produktu\/","title":{"rendered":"Komparator produktu"},"content":{"rendered":"<p style=\"text-align: center;\"><span style=\"font-weight: 400;\">Nie wiesz, kt\u00f3ry produkt kupi\u0107?<\/span><\/p>\n<p style=\"text-align: center;\"><span style=\"font-weight: 400;\">Wybierz do 6 oliwy z oliwek i por\u00f3wnaj je.<\/span><\/p>\n","protected":false},"excerpt":{"rendered":"<p>Nie wiesz, kt\u00f3ry produkt kupi\u0107? Wybierz do 6 oliwy z oliwek i por\u00f3wnaj je.<\/p>\n","protected":false},"author":1,"featured_media":11719,"parent":0,"menu_order":0,"comment_status":"closed","ping_status":"closed","template":"inc\/compare.php","meta":{"footnotes":"","iawp_total_views":3},"acf":[],"aioseo_notices":[],"_links":{"self":[{"href":"https:\/\/victorguedes.com\/pl\/wp-json\/wp\/v2\/pages\/11845"}],"collection":[{"href":"https:\/\/victorguedes.com\/pl\/wp-json\/wp\/v2\/pages"}],"about":[{"href":"https:\/\/victorguedes.com\/pl\/wp-json\/wp\/v2\/types\/page"}],"author":[{"embeddable":true,"href":"https:\/\/victorguedes.com\/pl\/wp-json\/wp\/v2\/users\/1"}],"replies":[{"embeddable":true,"href":"https:\/\/victorguedes.com\/pl\/wp-json\/wp\/v2\/comments?post=11845"}],"version-history":[{"count":6,"href":"https:\/\/victorguedes.com\/pl\/wp-json\/wp\/v2\/pages\/11845\/revisions"}],"predecessor-version":[{"id":48589,"href":"https:\/\/victorguedes.com\/pl\/wp-json\/wp\/v2\/pages\/11845\/revisions\/48589"}],"wp:featuredmedia":[{"embeddable":true,"href":"https:\/\/victorguedes.com\/pl\/wp-json\/wp\/v2\/media\/11719"}],"wp:attachment":[{"href":"https:\/\/victorguedes.com\/pl\/wp-json\/wp\/v2\/media?parent=11845"}],"curies":[{"name":"wp","href":"https:\/\/api.w.org\/{rel}","templated":true}]}}