{"id":11841,"date":"2018-11-03T08:42:12","date_gmt":"2018-11-03T08:42:12","guid":{"rendered":"http:\/\/www.galloportugal.com\/?page_id=11841"},"modified":"2019-01-23T19:00:24","modified_gmt":"2019-01-23T19:00:24","slug":"rekrutacja","status":"publish","type":"page","link":"https:\/\/victorguedes.com\/pl\/rekrutacja\/","title":{"rendered":"REKRUTACJA"},"content":{"rendered":"<h2>Jak si\u0119 pracuje w Gallo?<\/h2>\n<p>&nbsp;<\/p>\n<p><span style=\"font-weight: 400;\">Inspiruje nas zdobywanie nowych teren\u00f3w.<\/span><\/p>\n<p><span style=\"font-weight: 400;\">W Gallo Worldwide szanujemy nasze korzenie, ale pragniemy robi\u0107 wi\u0119cej, lepiej i inaczej. Chcemy to robi\u0107 codziennie: Eksperymentowa\u0107, testowa\u0107, stwarza\u0107 innowacje nigdy nie trac\u0105c z pola widzenia tego, co nas tutaj zaprowadzi\u0142o \u2013 pragnienia bycia lepszym.<\/span><\/p>\n<p><span style=\"font-weight: 400;\">\u017byjemy pasj\u0105 i ch\u0119ci\u0105 samodoskonalenia.<\/span><\/p>\n<p><span style=\"font-weight: 400;\">Nasza misja to dog\u0142\u0119bnie pozna\u0107 naszego klienta i stanowi\u0107 cz\u0119\u015b\u0107 jego \u017cycia. Pragniemy pozna\u0107 jego potrzeby i tworzy\u0107 produkty, kt\u00f3re zmieni\u0105 \u017cycie klienta i b\u0119d\u0105 mu niezb\u0119dne.<\/span><\/p>\n","protected":false},"excerpt":{"rendered":"<p>Jak si\u0119 pracuje w Gallo? &nbsp; Inspiruje nas zdobywanie nowych teren\u00f3w. W Gallo Worldwide szanujemy nasze korzenie, ale pragniemy robi\u0107 wi\u0119cej, lepiej i inaczej. Chcemy to robi\u0107 codziennie: Eksperymentowa\u0107, testowa\u0107, stwarza\u0107 innowacje nigdy nie trac\u0105c z pola widzenia tego, co nas tutaj zaprowadzi\u0142o \u2013 pragnienia bycia lepszym. \u017byjemy pasj\u0105 i ch\u0119ci\u0105 samodoskonalenia. Nasza misja to &hellip; <\/p>\n<p class=\"link-more\"><a href=\"https:\/\/victorguedes.com\/pl\/rekrutacja\/\" class=\"more-link\">Czytaj dalej<span class=\"screen-reader-text\"> REKRUTACJA<\/span><\/a><\/p>\n","protected":false},"author":1,"featured_media":1511,"parent":0,"menu_order":0,"comment_status":"closed","ping_status":"closed","template":"inc\/tmp-recrutamento.php","meta":{"footnotes":"","iawp_total_views":0},"acf":[],"aioseo_notices":[],"_links":{"self":[{"href":"https:\/\/victorguedes.com\/pl\/wp-json\/wp\/v2\/pages\/11841"}],"collection":[{"href":"https:\/\/victorguedes.com\/pl\/wp-json\/wp\/v2\/pages"}],"about":[{"href":"https:\/\/victorguedes.com\/pl\/wp-json\/wp\/v2\/types\/page"}],"author":[{"embeddable":true,"href":"https:\/\/victorguedes.com\/pl\/wp-json\/wp\/v2\/users\/1"}],"replies":[{"embeddable":true,"href":"https:\/\/victorguedes.com\/pl\/wp-json\/wp\/v2\/comments?post=11841"}],"version-history":[{"count":7,"href":"https:\/\/victorguedes.com\/pl\/wp-json\/wp\/v2\/pages\/11841\/revisions"}],"predecessor-version":[{"id":17838,"href":"https:\/\/victorguedes.com\/pl\/wp-json\/wp\/v2\/pages\/11841\/revisions\/17838"}],"wp:featuredmedia":[{"embeddable":true,"href":"https:\/\/victorguedes.com\/pl\/wp-json\/wp\/v2\/media\/1511"}],"wp:attachment":[{"href":"https:\/\/victorguedes.com\/pl\/wp-json\/wp\/v2\/media?parent=11841"}],"curies":[{"name":"wp","href":"https:\/\/api.w.org\/{rel}","templated":true}]}}