{"id":16080,"date":"2019-01-05T14:38:08","date_gmt":"2019-01-05T14:38:08","guid":{"rendered":"http:\/\/www.galloportugal.com\/?page_id=16080"},"modified":"2025-06-20T10:10:39","modified_gmt":"2025-06-20T10:10:39","slug":"qualidade-certificada","status":"publish","type":"page","link":"https:\/\/victorguedes.com\/palop\/qualidade-certificada\/","title":{"rendered":"Qualidade Certificada"},"content":{"rendered":"<p>Antes de sa\u00edrem da nossa f\u00e1brica, em Abrantes, Portugal, para o mundo, todos os azeites Gallo s\u00e3o submetidos a rigorosos testes de qualidade.<\/p>\n","protected":false},"excerpt":{"rendered":"<p>Antes de sa\u00edrem da nossa f\u00e1brica, em Abrantes, Portugal, para o mundo, todos os azeites Gallo s\u00e3o submetidos a rigorosos testes de qualidade.<\/p>\n","protected":false},"author":1,"featured_media":15184,"parent":0,"menu_order":0,"comment_status":"closed","ping_status":"closed","template":"inc\/tmp-certificate.php","meta":{"footnotes":"","iawp_total_views":0},"acf":[],"aioseo_notices":[],"_links":{"self":[{"href":"https:\/\/victorguedes.com\/palop\/wp-json\/wp\/v2\/pages\/16080"}],"collection":[{"href":"https:\/\/victorguedes.com\/palop\/wp-json\/wp\/v2\/pages"}],"about":[{"href":"https:\/\/victorguedes.com\/palop\/wp-json\/wp\/v2\/types\/page"}],"author":[{"embeddable":true,"href":"https:\/\/victorguedes.com\/palop\/wp-json\/wp\/v2\/users\/1"}],"replies":[{"embeddable":true,"href":"https:\/\/victorguedes.com\/palop\/wp-json\/wp\/v2\/comments?post=16080"}],"version-history":[{"count":10,"href":"https:\/\/victorguedes.com\/palop\/wp-json\/wp\/v2\/pages\/16080\/revisions"}],"predecessor-version":[{"id":790299,"href":"https:\/\/victorguedes.com\/palop\/wp-json\/wp\/v2\/pages\/16080\/revisions\/790299"}],"wp:featuredmedia":[{"embeddable":true,"href":"https:\/\/victorguedes.com\/palop\/wp-json\/wp\/v2\/media\/15184"}],"wp:attachment":[{"href":"https:\/\/victorguedes.com\/palop\/wp-json\/wp\/v2\/media?parent=16080"}],"curies":[{"name":"wp","href":"https:\/\/api.w.org\/{rel}","templated":true}]}}