{"id":15640,"date":"2018-10-30T07:54:16","date_gmt":"2018-10-30T07:54:16","guid":{"rendered":"http:\/\/www.galloportugal.com\/?page_id=15640"},"modified":"2019-01-09T10:43:36","modified_gmt":"2019-01-09T10:43:36","slug":"momentos","status":"publish","type":"page","link":"https:\/\/victorguedes.com\/palop\/momentos\/","title":{"rendered":"Momentos Memor\u00e1veis"},"content":{"rendered":"<p>Momentos \u00e0 mesa que d\u00e3o sabor \u00e0 vida<\/p>\n","protected":false},"excerpt":{"rendered":"<p>Momentos \u00e0 mesa que d\u00e3o sabor \u00e0 vida<\/p>\n","protected":false},"author":1,"featured_media":14634,"parent":0,"menu_order":0,"comment_status":"closed","ping_status":"closed","template":"inc\/momentos_listing.php","meta":{"footnotes":"","iawp_total_views":2},"acf":[],"aioseo_notices":[],"_links":{"self":[{"href":"https:\/\/victorguedes.com\/palop\/wp-json\/wp\/v2\/pages\/15640"}],"collection":[{"href":"https:\/\/victorguedes.com\/palop\/wp-json\/wp\/v2\/pages"}],"about":[{"href":"https:\/\/victorguedes.com\/palop\/wp-json\/wp\/v2\/types\/page"}],"author":[{"embeddable":true,"href":"https:\/\/victorguedes.com\/palop\/wp-json\/wp\/v2\/users\/1"}],"replies":[{"embeddable":true,"href":"https:\/\/victorguedes.com\/palop\/wp-json\/wp\/v2\/comments?post=15640"}],"version-history":[{"count":1,"href":"https:\/\/victorguedes.com\/palop\/wp-json\/wp\/v2\/pages\/15640\/revisions"}],"predecessor-version":[{"id":15641,"href":"https:\/\/victorguedes.com\/palop\/wp-json\/wp\/v2\/pages\/15640\/revisions\/15641"}],"wp:featuredmedia":[{"embeddable":true,"href":"https:\/\/victorguedes.com\/palop\/wp-json\/wp\/v2\/media\/14634"}],"wp:attachment":[{"href":"https:\/\/victorguedes.com\/palop\/wp-json\/wp\/v2\/media?parent=15640"}],"curies":[{"name":"wp","href":"https:\/\/api.w.org\/{rel}","templated":true}]}}