{"id":15503,"date":"2018-10-30T08:01:11","date_gmt":"2018-10-30T08:01:11","guid":{"rendered":"http:\/\/www.galloportugal.com\/?page_id=15503"},"modified":"2020-01-22T12:49:42","modified_gmt":"2020-01-22T12:49:42","slug":"politica-de-cookies","status":"publish","type":"page","link":"https:\/\/victorguedes.com\/palop\/politica-de-cookies\/","title":{"rendered":"Pol\u00edtica de Cookies"},"content":{"rendered":"<p>Na GALLO, respeitamos as suas preocupa\u00e7\u00f5es sobre privacidade e valorizamos a rela\u00e7\u00e3o que temos consigo. Tal como muitas empresas, utilizamos no nosso website tecnologia para reunir informa\u00e7\u00e3o que nos ajuda a melhorar a sua experi\u00eancia e os nossos produtos e servi\u00e7os. Os cookies que utilizamos na GALLO permitem o funcionamento do nosso website e ajudam-nos a compreender qual a informa\u00e7\u00e3o e publicidade que s\u00e3o mais \u00fateis aos nossos visitantes.<\/p>\n<p>Por favor dedique alguns instantes a conhecer as nossas pr\u00e1ticas de cookies e caso tenha quaisquer quest\u00f5es, contacte-nos atrav\u00e9s do nosso\u00a0<a href=\"https:\/\/www.galloportugal.com\/palop\/fale-conosco\/\" target=\"_blank\" rel=\"noopener\" data-saferedirecturl=\"https:\/\/www.google.com\/url?q=https:\/\/www.galloportugal.com\/pt-br\/contato\/&amp;source=gmail&amp;ust=1571940281029000&amp;usg=AFQjCNGeWfPc7mGOE6jslF4DEvPTyEK5vg\">formul\u00e1rio de contato<\/a>.<\/p>\n<p>Tent\u00e1mos manter este aviso t\u00e3o simples quanto poss\u00edvel, mas, caso n\u00e3o esteja familiarizado com os termos utilizados, tais como cookies, endere\u00e7os IP, e browsers, n\u00e3o hesite em entrar em contato com a GALLO para obter mais esclarecimentos.<\/p>\n","protected":false},"excerpt":{"rendered":"<p>Na GALLO, respeitamos as suas preocupa\u00e7\u00f5es sobre privacidade e valorizamos a rela\u00e7\u00e3o que temos consigo. Tal como muitas empresas, utilizamos no nosso website tecnologia para reunir informa\u00e7\u00e3o que nos ajuda a melhorar a sua experi\u00eancia e os nossos produtos e servi\u00e7os. Os cookies que utilizamos na GALLO permitem o funcionamento do nosso website e ajudam-nos &hellip; <\/p>\n<p class=\"link-more\"><a href=\"https:\/\/victorguedes.com\/palop\/politica-de-cookies\/\" class=\"more-link\">Continue reading<span class=\"screen-reader-text\"> &#8220;Pol\u00edtica de Cookies&#8221;<\/span><\/a><\/p>\n","protected":false},"author":1,"featured_media":15518,"parent":0,"menu_order":0,"comment_status":"closed","ping_status":"closed","template":"inc\/tmp-cookie.php","meta":{"footnotes":"","iawp_total_views":0},"acf":[],"aioseo_notices":[],"_links":{"self":[{"href":"https:\/\/victorguedes.com\/palop\/wp-json\/wp\/v2\/pages\/15503"}],"collection":[{"href":"https:\/\/victorguedes.com\/palop\/wp-json\/wp\/v2\/pages"}],"about":[{"href":"https:\/\/victorguedes.com\/palop\/wp-json\/wp\/v2\/types\/page"}],"author":[{"embeddable":true,"href":"https:\/\/victorguedes.com\/palop\/wp-json\/wp\/v2\/users\/1"}],"replies":[{"embeddable":true,"href":"https:\/\/victorguedes.com\/palop\/wp-json\/wp\/v2\/comments?post=15503"}],"version-history":[{"count":7,"href":"https:\/\/victorguedes.com\/palop\/wp-json\/wp\/v2\/pages\/15503\/revisions"}],"predecessor-version":[{"id":41657,"href":"https:\/\/victorguedes.com\/palop\/wp-json\/wp\/v2\/pages\/15503\/revisions\/41657"}],"wp:featuredmedia":[{"embeddable":true,"href":"https:\/\/victorguedes.com\/palop\/wp-json\/wp\/v2\/media\/15518"}],"wp:attachment":[{"href":"https:\/\/victorguedes.com\/palop\/wp-json\/wp\/v2\/media?parent=15503"}],"curies":[{"name":"wp","href":"https:\/\/api.w.org\/{rel}","templated":true}]}}