{"id":15501,"date":"2018-10-30T08:00:59","date_gmt":"2018-10-30T08:00:59","guid":{"rendered":"http:\/\/www.galloportugal.com\/?page_id=15501"},"modified":"2020-01-22T12:49:50","modified_gmt":"2020-01-22T12:49:50","slug":"politica-de-privacidade","status":"publish","type":"page","link":"https:\/\/victorguedes.com\/palop\/politica-de-privacidade\/","title":{"rendered":"Pol\u00edtica de Privacidade"},"content":{"rendered":"<p style=\"text-align: left;\"><span style=\"font-weight: 400;\">Sabemos que se preocupa com os seus dados pessoais e com o modo como s\u00e3o utilizados, e queremos que confie na GALLO para recolher e tratar os seus dados pessoais. A presente Pol\u00edtica de Privacidade ir\u00e1 ajud\u00e1-lo a compreender que dados pessoais recolhemos, porque os recolhemos e aquilo que fazemos com eles. <\/span><\/p>\n<p style=\"text-align: left;\">Por favor dedique alguns instantes a conhecer as nossas pr\u00e1ticas de privacidade e caso tenha quaisquer quest\u00f5es, contacte-nos atrav\u00e9s do nosso\u00a0<a href=\"https:\/\/www.galloportugal.com\/palop\/fale-conosco\/\" target=\"_blank\" rel=\"noopener\" data-saferedirecturl=\"https:\/\/www.google.com\/url?q=https:\/\/www.galloportugal.com\/pt-br\/contato\/&amp;source=gmail&amp;ust=1571940281029000&amp;usg=AFQjCNGeWfPc7mGOE6jslF4DEvPTyEK5vg\">formul\u00e1rio de contato<\/a>.<\/p>\n<p style=\"text-align: left;\"><span style=\"font-weight: 400;\">Tent\u00e1mos manter esta Pol\u00edtica de Privacidade t\u00e3o simples quanto poss\u00edvel, mas, caso n\u00e3o esteja familiarizado com os termos utilizados ou tiver quaisquer d\u00favidas, n\u00e3o hesite em entrar em contato com a GALLO para obter mais esclarecimentos. <\/span><\/p>\n","protected":false},"excerpt":{"rendered":"<p>Sabemos que se preocupa com os seus dados pessoais e com o modo como s\u00e3o utilizados, e queremos que confie na GALLO para recolher e tratar os seus dados pessoais. A presente Pol\u00edtica de Privacidade ir\u00e1 ajud\u00e1-lo a compreender que dados pessoais recolhemos, porque os recolhemos e aquilo que fazemos com eles. Por favor dedique &hellip; <\/p>\n<p class=\"link-more\"><a href=\"https:\/\/victorguedes.com\/palop\/politica-de-privacidade\/\" class=\"more-link\">Continue reading<span class=\"screen-reader-text\"> &#8220;Pol\u00edtica de Privacidade&#8221;<\/span><\/a><\/p>\n","protected":false},"author":1,"featured_media":15518,"parent":0,"menu_order":0,"comment_status":"closed","ping_status":"closed","template":"inc\/tmp-cookie.php","meta":{"footnotes":"","iawp_total_views":0},"acf":[],"aioseo_notices":[],"_links":{"self":[{"href":"https:\/\/victorguedes.com\/palop\/wp-json\/wp\/v2\/pages\/15501"}],"collection":[{"href":"https:\/\/victorguedes.com\/palop\/wp-json\/wp\/v2\/pages"}],"about":[{"href":"https:\/\/victorguedes.com\/palop\/wp-json\/wp\/v2\/types\/page"}],"author":[{"embeddable":true,"href":"https:\/\/victorguedes.com\/palop\/wp-json\/wp\/v2\/users\/1"}],"replies":[{"embeddable":true,"href":"https:\/\/victorguedes.com\/palop\/wp-json\/wp\/v2\/comments?post=15501"}],"version-history":[{"count":4,"href":"https:\/\/victorguedes.com\/palop\/wp-json\/wp\/v2\/pages\/15501\/revisions"}],"predecessor-version":[{"id":41654,"href":"https:\/\/victorguedes.com\/palop\/wp-json\/wp\/v2\/pages\/15501\/revisions\/41654"}],"wp:featuredmedia":[{"embeddable":true,"href":"https:\/\/victorguedes.com\/palop\/wp-json\/wp\/v2\/media\/15518"}],"wp:attachment":[{"href":"https:\/\/victorguedes.com\/palop\/wp-json\/wp\/v2\/media?parent=15501"}],"curies":[{"name":"wp","href":"https:\/\/api.w.org\/{rel}","templated":true}]}}