{"id":8529,"date":"2018-10-30T07:55:36","date_gmt":"2018-10-30T07:55:36","guid":{"rendered":"http:\/\/www.galloportugal.com\/?page_id=8529"},"modified":"2025-06-02T15:21:06","modified_gmt":"2025-06-02T15:21:06","slug":"nos-prix","status":"publish","type":"page","link":"https:\/\/victorguedes.com\/fr\/nos-prix\/","title":{"rendered":"Nos prix"},"content":{"rendered":"<p><span style=\"font-weight: 400;\">Selon le classement mondial EVOO (World Ranking of Extra Virgin Olive Oil), un classement \u00e0 but non lucratif qui vise \u00e0 promouvoir les huiles d&rsquo;olive vierges extra les plus r\u00e9compens\u00e9es au monde, en tenant compte des concours les plus renomm\u00e9s du segment, la marque Gallo est actuellement l&rsquo;entreprise qui a re\u00e7u le plus grand nombre de prix internationaux, avec un total de 143 reconnaissances. En 2022, Gallo a c\u00e9l\u00e9br\u00e9 le fait d&rsquo;\u00eatre la marque portugaise la plus r\u00e9compens\u00e9e au monde et maintenant, dans le classement de 2024, elle peut c\u00e9l\u00e9brer une nouvelle et plus grande r\u00e9ussite : \u00eatre la marque d&rsquo;huile d&rsquo;olive la plus r\u00e9compens\u00e9e au monde. Un r\u00e9sultat dont nous sommes tr\u00e8s fiers et qui prouve notre passion pour la saveur et l&rsquo;ar\u00f4me des huiles d&rsquo;olive et notre qu\u00eate incessante de la perfection! <\/span>D\u00e9couvrez le pays o\u00f9 nous nous sommes vu d\u00e9cerner des prix ces derni\u00e8res ann\u00e9es:<\/p>\n","protected":false},"excerpt":{"rendered":"<p>Selon le classement mondial EVOO (World Ranking of Extra Virgin Olive Oil), un classement \u00e0 but non lucratif qui vise \u00e0 promouvoir les huiles d&rsquo;olive vierges extra les plus r\u00e9compens\u00e9es au monde, en tenant compte des concours les plus renomm\u00e9s du segment, la marque Gallo est actuellement l&rsquo;entreprise qui a re\u00e7u le plus grand nombre &hellip; <\/p>\n<p class=\"link-more\"><a href=\"https:\/\/victorguedes.com\/fr\/nos-prix\/\" class=\"more-link\">Continuer la lecture<span class=\"screen-reader-text\"> de &laquo;&nbsp;Nos prix&nbsp;&raquo;<\/span><\/a><\/p>\n","protected":false},"author":1,"featured_media":53957,"parent":0,"menu_order":0,"comment_status":"closed","ping_status":"closed","template":"inc\/premios.php","meta":{"footnotes":"","iawp_total_views":0},"acf":[],"aioseo_notices":[],"_links":{"self":[{"href":"https:\/\/victorguedes.com\/fr\/wp-json\/wp\/v2\/pages\/8529"}],"collection":[{"href":"https:\/\/victorguedes.com\/fr\/wp-json\/wp\/v2\/pages"}],"about":[{"href":"https:\/\/victorguedes.com\/fr\/wp-json\/wp\/v2\/types\/page"}],"author":[{"embeddable":true,"href":"https:\/\/victorguedes.com\/fr\/wp-json\/wp\/v2\/users\/1"}],"replies":[{"embeddable":true,"href":"https:\/\/victorguedes.com\/fr\/wp-json\/wp\/v2\/comments?post=8529"}],"version-history":[{"count":11,"href":"https:\/\/victorguedes.com\/fr\/wp-json\/wp\/v2\/pages\/8529\/revisions"}],"predecessor-version":[{"id":788960,"href":"https:\/\/victorguedes.com\/fr\/wp-json\/wp\/v2\/pages\/8529\/revisions\/788960"}],"wp:featuredmedia":[{"embeddable":true,"href":"https:\/\/victorguedes.com\/fr\/wp-json\/wp\/v2\/media\/53957"}],"wp:attachment":[{"href":"https:\/\/victorguedes.com\/fr\/wp-json\/wp\/v2\/media?parent=8529"}],"curies":[{"name":"wp","href":"https:\/\/api.w.org\/{rel}","templated":true}]}}