{"id":8526,"date":"2018-12-28T17:11:22","date_gmt":"2018-12-28T17:11:22","guid":{"rendered":"http:\/\/www.galloportugal.com\/?page_id=8526"},"modified":"2019-01-08T17:30:43","modified_gmt":"2019-01-08T17:30:43","slug":"moments","status":"publish","type":"page","link":"https:\/\/victorguedes.com\/fr\/moments\/","title":{"rendered":"Moments m\u00e9morables"},"content":{"rendered":"<p>Des moments \u00e0 table qui donnent du go\u00fbt \u00e0 la vie<\/p>\n","protected":false},"excerpt":{"rendered":"<p>Des moments \u00e0 table qui donnent du go\u00fbt \u00e0 la vie<\/p>\n","protected":false},"author":1,"featured_media":14632,"parent":0,"menu_order":0,"comment_status":"closed","ping_status":"closed","template":"inc\/momentos_listing.php","meta":{"footnotes":"","iawp_total_views":0},"acf":[],"aioseo_notices":[],"_links":{"self":[{"href":"https:\/\/victorguedes.com\/fr\/wp-json\/wp\/v2\/pages\/8526"}],"collection":[{"href":"https:\/\/victorguedes.com\/fr\/wp-json\/wp\/v2\/pages"}],"about":[{"href":"https:\/\/victorguedes.com\/fr\/wp-json\/wp\/v2\/types\/page"}],"author":[{"embeddable":true,"href":"https:\/\/victorguedes.com\/fr\/wp-json\/wp\/v2\/users\/1"}],"replies":[{"embeddable":true,"href":"https:\/\/victorguedes.com\/fr\/wp-json\/wp\/v2\/comments?post=8526"}],"version-history":[{"count":4,"href":"https:\/\/victorguedes.com\/fr\/wp-json\/wp\/v2\/pages\/8526\/revisions"}],"predecessor-version":[{"id":15467,"href":"https:\/\/victorguedes.com\/fr\/wp-json\/wp\/v2\/pages\/8526\/revisions\/15467"}],"wp:featuredmedia":[{"embeddable":true,"href":"https:\/\/victorguedes.com\/fr\/wp-json\/wp\/v2\/media\/14632"}],"wp:attachment":[{"href":"https:\/\/victorguedes.com\/fr\/wp-json\/wp\/v2\/media?parent=8526"}],"curies":[{"name":"wp","href":"https:\/\/api.w.org\/{rel}","templated":true}]}}