{"id":2292,"date":"2018-10-30T08:01:11","date_gmt":"2018-10-30T08:01:11","guid":{"rendered":"http:\/\/www.galloportugal.com\/politica-de-cookies\/"},"modified":"2025-08-06T14:25:18","modified_gmt":"2025-08-06T14:25:18","slug":"politique-de-cookies","status":"publish","type":"page","link":"https:\/\/victorguedes.com\/fr\/politique-de-cookies\/","title":{"rendered":"Politique de cookies"},"content":{"rendered":"<p><span style=\"font-weight: 400;\">Chez GALLO, nous respectons vos pr\u00e9occupations concernant la confidentialit\u00e9 et appr\u00e9cions la relation que nous entretenons avec vous. Comme de nombreuses entreprises, nous utilisons des technologies sur notre site Internet pour recueillir des informations qui nous aident \u00e0 am\u00e9liorer votre exp\u00e9rience ainsi que nos produits et services. Les cookies que nous utilisons chez GALLO permettent \u00e0 notre site Internet de fonctionner et nous aident \u00e0 comprendre quelles informations et publicit\u00e9s sont les plus utiles pour les visiteurs.<\/span><\/p>\n<p><span style=\"font-weight: 400;\"> Veuillez prendre un moment pour en savoir plus sur nos pratiques en mati\u00e8re de cookies et si vous avez des questions, veuillez nous contacter via notre <a href=\"https:\/\/www.galloportugal.com\/fr\/contactez-nous\/\">formulaire de contact<\/a>.<\/span><\/p>\n<p><span style=\"font-weight: 400;\">Nous avons essay\u00e9 de simplifier cet Avis autant que possible, mais si vous n&rsquo;\u00eates pas familiaris\u00e9 avec les termes tels que cookies, adresses IP et navigateurs, n&rsquo;h\u00e9sitez pas \u00e0 contacter GALLO pour de plus amples \u00e9claircissements ou informations.<\/span><\/p>\n","protected":false},"excerpt":{"rendered":"<p>Chez GALLO, nous respectons vos pr\u00e9occupations concernant la confidentialit\u00e9 et appr\u00e9cions la relation que nous entretenons avec vous. Comme de nombreuses entreprises, nous utilisons des technologies sur notre site Internet pour recueillir des informations qui nous aident \u00e0 am\u00e9liorer votre exp\u00e9rience ainsi que nos produits et services. Les cookies que nous utilisons chez GALLO permettent &hellip; <\/p>\n<p class=\"link-more\"><a href=\"https:\/\/victorguedes.com\/fr\/politique-de-cookies\/\" class=\"more-link\">Continuer la lecture<span class=\"screen-reader-text\"> de &laquo;&nbsp;Politique de cookies&nbsp;&raquo;<\/span><\/a><\/p>\n","protected":false},"author":1,"featured_media":3522,"parent":0,"menu_order":0,"comment_status":"closed","ping_status":"closed","template":"inc\/tmp-cookie.php","meta":{"footnotes":"","iawp_total_views":0},"acf":[],"aioseo_notices":[],"_links":{"self":[{"href":"https:\/\/victorguedes.com\/fr\/wp-json\/wp\/v2\/pages\/2292"}],"collection":[{"href":"https:\/\/victorguedes.com\/fr\/wp-json\/wp\/v2\/pages"}],"about":[{"href":"https:\/\/victorguedes.com\/fr\/wp-json\/wp\/v2\/types\/page"}],"author":[{"embeddable":true,"href":"https:\/\/victorguedes.com\/fr\/wp-json\/wp\/v2\/users\/1"}],"replies":[{"embeddable":true,"href":"https:\/\/victorguedes.com\/fr\/wp-json\/wp\/v2\/comments?post=2292"}],"version-history":[{"count":9,"href":"https:\/\/victorguedes.com\/fr\/wp-json\/wp\/v2\/pages\/2292\/revisions"}],"predecessor-version":[{"id":793734,"href":"https:\/\/victorguedes.com\/fr\/wp-json\/wp\/v2\/pages\/2292\/revisions\/793734"}],"wp:featuredmedia":[{"embeddable":true,"href":"https:\/\/victorguedes.com\/fr\/wp-json\/wp\/v2\/media\/3522"}],"wp:attachment":[{"href":"https:\/\/victorguedes.com\/fr\/wp-json\/wp\/v2\/media?parent=2292"}],"curies":[{"name":"wp","href":"https:\/\/api.w.org\/{rel}","templated":true}]}}