{"id":2288,"date":"2018-10-30T08:00:59","date_gmt":"2018-10-30T08:00:59","guid":{"rendered":"http:\/\/www.galloportugal.com\/politica-de-privacidade\/"},"modified":"2020-01-22T12:47:53","modified_gmt":"2020-01-22T12:47:53","slug":"avis-de-confidentialite","status":"publish","type":"page","link":"https:\/\/victorguedes.com\/fr\/avis-de-confidentialite\/","title":{"rendered":"Avis de confidentialit\u00e9"},"content":{"rendered":"<p><span style=\"font-weight: 400;\">Nous savons que vous vous souciez de la fa\u00e7on dont vos donn\u00e9es \u00e0 caract\u00e8re personnel sont utilis\u00e9es et nous appr\u00e9cions que vous fassiez confiance \u00e0 GALLO pour collecter et traiter vos donn\u00e9es personnelles. <\/span><\/p>\n<p><span style=\"font-weight: 400;\">Cet Avis de confidentialit\u00e9 vous aidera \u00e0 comprendre quelles donn\u00e9es personnelles nous collectons, pourquoi nous le faisons et comment nous les utilisons. <\/span><\/p>\n<p><span style=\"font-weight: 400;\"> Veuillez prendre un moment pour en savoir plus sur nos pratiques en mati\u00e8re de confidentialit\u00e9 et si vous avez des questions, veuillez nous contacter via notre <a href=\"https:\/\/www.galloportugal.com\/fr\/contactez-nous\/\">formulaire de contact<\/a>.<\/span><\/p>\n<p><span style=\"font-weight: 400;\">Nous avons essay\u00e9 de simplifier cet Avis autant que possible, mais si vous n&rsquo;\u00eates pas familiaris\u00e9 avec les termes tels que cookies, adresses IP et navigateurs, n&rsquo;h\u00e9sitez pas \u00e0 contacter GALLO pour de plus amples \u00e9claircissements ou informations. <\/span><\/p>\n","protected":false},"excerpt":{"rendered":"<p>Nous savons que vous vous souciez de la fa\u00e7on dont vos donn\u00e9es \u00e0 caract\u00e8re personnel sont utilis\u00e9es et nous appr\u00e9cions que vous fassiez confiance \u00e0 GALLO pour collecter et traiter vos donn\u00e9es personnelles. Cet Avis de confidentialit\u00e9 vous aidera \u00e0 comprendre quelles donn\u00e9es personnelles nous collectons, pourquoi nous le faisons et comment nous les utilisons. &hellip; <\/p>\n<p class=\"link-more\"><a href=\"https:\/\/victorguedes.com\/fr\/avis-de-confidentialite\/\" class=\"more-link\">Continuer la lecture<span class=\"screen-reader-text\"> de &laquo;&nbsp;Avis de confidentialit\u00e9&nbsp;&raquo;<\/span><\/a><\/p>\n","protected":false},"author":1,"featured_media":3522,"parent":0,"menu_order":0,"comment_status":"closed","ping_status":"closed","template":"inc\/tmp-cookie.php","meta":{"footnotes":"","iawp_total_views":2},"acf":[],"aioseo_notices":[],"_links":{"self":[{"href":"https:\/\/victorguedes.com\/fr\/wp-json\/wp\/v2\/pages\/2288"}],"collection":[{"href":"https:\/\/victorguedes.com\/fr\/wp-json\/wp\/v2\/pages"}],"about":[{"href":"https:\/\/victorguedes.com\/fr\/wp-json\/wp\/v2\/types\/page"}],"author":[{"embeddable":true,"href":"https:\/\/victorguedes.com\/fr\/wp-json\/wp\/v2\/users\/1"}],"replies":[{"embeddable":true,"href":"https:\/\/victorguedes.com\/fr\/wp-json\/wp\/v2\/comments?post=2288"}],"version-history":[{"count":6,"href":"https:\/\/victorguedes.com\/fr\/wp-json\/wp\/v2\/pages\/2288\/revisions"}],"predecessor-version":[{"id":41668,"href":"https:\/\/victorguedes.com\/fr\/wp-json\/wp\/v2\/pages\/2288\/revisions\/41668"}],"wp:featuredmedia":[{"embeddable":true,"href":"https:\/\/victorguedes.com\/fr\/wp-json\/wp\/v2\/media\/3522"}],"wp:attachment":[{"href":"https:\/\/victorguedes.com\/fr\/wp-json\/wp\/v2\/media?parent=2288"}],"curies":[{"name":"wp","href":"https:\/\/api.w.org\/{rel}","templated":true}]}}