{"id":12835,"date":"2018-12-27T11:04:32","date_gmt":"2018-12-27T11:04:32","guid":{"rendered":"http:\/\/www.galloportugal.com\/?page_id=12835"},"modified":"2020-04-23T15:40:25","modified_gmt":"2020-04-23T15:40:25","slug":"notre-histoire","status":"publish","type":"page","link":"https:\/\/victorguedes.com\/fr\/notre-histoire\/","title":{"rendered":"NOTRE HISTOIRE"},"content":{"rendered":"<h1>Un h\u00e9ritage riche de 100 ans d&rsquo;histoire<\/h1>\n<p><em><span style=\"font-weight: 400;\">En 1860, dans son usine \u00e0 Abrantes, au Portugal, Victor Guedes r\u00eavait de produire l\u2019une des meilleures huiles d&rsquo;olive au monde. L&rsquo;huile d&rsquo;olive Gallo est n\u00e9e gr\u00e2ce \u00e0 son d\u00e9vouement. En 1919, la marque est enregistr\u00e9e et, depuis ce moment-l\u00e0, elle n&rsquo;a cess\u00e9 de progresser et d&rsquo;innover, devenant une r\u00e9f\u00e9rence nationale et internationale. Aujourd&rsquo;hui, le savoir-faire centenaire de Gallo offre, non seulement, les meilleures huiles d&rsquo;olive, mais aussi d&rsquo;autres produits, toujours ax\u00e9s sur la qualit\u00e9.<\/span><\/em><\/p>\n<p>&nbsp;<\/p>\n<p>&nbsp;<\/p>\n","protected":false},"excerpt":{"rendered":"<p>Un h\u00e9ritage riche de 100 ans d&rsquo;histoire En 1860, dans son usine \u00e0 Abrantes, au Portugal, Victor Guedes r\u00eavait de produire l\u2019une des meilleures huiles d&rsquo;olive au monde. L&rsquo;huile d&rsquo;olive Gallo est n\u00e9e gr\u00e2ce \u00e0 son d\u00e9vouement. En 1919, la marque est enregistr\u00e9e et, depuis ce moment-l\u00e0, elle n&rsquo;a cess\u00e9 de progresser et d&rsquo;innover, devenant &hellip; <\/p>\n<p class=\"link-more\"><a href=\"https:\/\/victorguedes.com\/fr\/notre-histoire\/\" class=\"more-link\">Continuer la lecture<span class=\"screen-reader-text\"> de &laquo;&nbsp;NOTRE HISTOIRE&nbsp;&raquo;<\/span><\/a><\/p>\n","protected":false},"author":1,"featured_media":8500,"parent":0,"menu_order":0,"comment_status":"closed","ping_status":"closed","template":"inc\/tmp-history.php","meta":{"footnotes":"","iawp_total_views":9},"acf":[],"aioseo_notices":[],"_links":{"self":[{"href":"https:\/\/victorguedes.com\/fr\/wp-json\/wp\/v2\/pages\/12835"}],"collection":[{"href":"https:\/\/victorguedes.com\/fr\/wp-json\/wp\/v2\/pages"}],"about":[{"href":"https:\/\/victorguedes.com\/fr\/wp-json\/wp\/v2\/types\/page"}],"author":[{"embeddable":true,"href":"https:\/\/victorguedes.com\/fr\/wp-json\/wp\/v2\/users\/1"}],"replies":[{"embeddable":true,"href":"https:\/\/victorguedes.com\/fr\/wp-json\/wp\/v2\/comments?post=12835"}],"version-history":[{"count":44,"href":"https:\/\/victorguedes.com\/fr\/wp-json\/wp\/v2\/pages\/12835\/revisions"}],"predecessor-version":[{"id":34807,"href":"https:\/\/victorguedes.com\/fr\/wp-json\/wp\/v2\/pages\/12835\/revisions\/34807"}],"wp:featuredmedia":[{"embeddable":true,"href":"https:\/\/victorguedes.com\/fr\/wp-json\/wp\/v2\/media\/8500"}],"wp:attachment":[{"href":"https:\/\/victorguedes.com\/fr\/wp-json\/wp\/v2\/media?parent=12835"}],"curies":[{"name":"wp","href":"https:\/\/api.w.org\/{rel}","templated":true}]}}