{"id":11822,"date":"2018-11-03T08:42:12","date_gmt":"2018-11-03T08:42:12","guid":{"rendered":"http:\/\/www.galloportugal.com\/?page_id=11822"},"modified":"2025-09-04T11:49:54","modified_gmt":"2025-09-04T11:49:54","slug":"recrutement","status":"publish","type":"page","link":"https:\/\/victorguedes.com\/fr\/recrutement\/","title":{"rendered":"RECRUTEMENT"},"content":{"rendered":"<h2>Pourquoi travailler chez Gallo?<\/h2>\n<p>&nbsp;<\/p>\n<p><span style=\"font-weight: 400;\">Le plaisir de la conqu\u00eate nous a toujours motiv\u00e9s.<\/span><\/p>\n<p><span style=\"font-weight: 400;\">Chez Gallo Worldwide, nous respectons l&rsquo;h\u00e9ritage qui nous inspire, mais nous osons en faire plus, mieux et diff\u00e9remment. Nous voulons le faire tous les jours : exp\u00e9rimenter, tester, innover, sans jamais perdre de vue ce qui nous a conduit ici\u2026 l&rsquo;envie de mieux faire.<\/span><\/p>\n<p><span style=\"font-weight: 400;\">Nous vivons de la passion et de l&rsquo;aspiration \u00e0 nous d\u00e9passer quotidiennement.<\/span><\/p>\n<p><span style=\"font-weight: 400;\">Nous voulons toucher l&rsquo;\u00e2me de ceux qui nous choisissent et entrer dans la vie des gens. Nous voulons conna\u00eetre leurs besoins et concevoir des produits qui les inspirent, donnant une raison d&rsquo;\u00eatre \u00e0 leurs moments plus importants.<\/span><\/p>\n","protected":false},"excerpt":{"rendered":"<p>Pourquoi travailler chez Gallo? &nbsp; Le plaisir de la conqu\u00eate nous a toujours motiv\u00e9s. Chez Gallo Worldwide, nous respectons l&rsquo;h\u00e9ritage qui nous inspire, mais nous osons en faire plus, mieux et diff\u00e9remment. Nous voulons le faire tous les jours : exp\u00e9rimenter, tester, innover, sans jamais perdre de vue ce qui nous a conduit ici\u2026 l&rsquo;envie &hellip; <\/p>\n<p class=\"link-more\"><a href=\"https:\/\/victorguedes.com\/fr\/recrutement\/\" class=\"more-link\">Continuer la lecture<span class=\"screen-reader-text\"> de &laquo;&nbsp;RECRUTEMENT&nbsp;&raquo;<\/span><\/a><\/p>\n","protected":false},"author":1,"featured_media":11825,"parent":0,"menu_order":0,"comment_status":"closed","ping_status":"closed","template":"inc\/tmp-recrutamento.php","meta":{"footnotes":"","iawp_total_views":0},"acf":[],"aioseo_notices":[],"_links":{"self":[{"href":"https:\/\/victorguedes.com\/fr\/wp-json\/wp\/v2\/pages\/11822"}],"collection":[{"href":"https:\/\/victorguedes.com\/fr\/wp-json\/wp\/v2\/pages"}],"about":[{"href":"https:\/\/victorguedes.com\/fr\/wp-json\/wp\/v2\/types\/page"}],"author":[{"embeddable":true,"href":"https:\/\/victorguedes.com\/fr\/wp-json\/wp\/v2\/users\/1"}],"replies":[{"embeddable":true,"href":"https:\/\/victorguedes.com\/fr\/wp-json\/wp\/v2\/comments?post=11822"}],"version-history":[{"count":10,"href":"https:\/\/victorguedes.com\/fr\/wp-json\/wp\/v2\/pages\/11822\/revisions"}],"predecessor-version":[{"id":795295,"href":"https:\/\/victorguedes.com\/fr\/wp-json\/wp\/v2\/pages\/11822\/revisions\/795295"}],"wp:featuredmedia":[{"embeddable":true,"href":"https:\/\/victorguedes.com\/fr\/wp-json\/wp\/v2\/media\/11825"}],"wp:attachment":[{"href":"https:\/\/victorguedes.com\/fr\/wp-json\/wp\/v2\/media?parent=11822"}],"curies":[{"name":"wp","href":"https:\/\/api.w.org\/{rel}","templated":true}]}}