{"id":2302,"date":"2018-10-30T08:01:11","date_gmt":"2018-10-30T08:01:11","guid":{"rendered":"http:\/\/www.galloportugal.com\/politica-de-cookies\/"},"modified":"2020-01-22T12:59:11","modified_gmt":"2020-01-22T12:59:11","slug":"aviso-sobre-cookies","status":"publish","type":"page","link":"https:\/\/victorguedes.com\/es\/aviso-sobre-cookies\/","title":{"rendered":"Aviso sobre cookies"},"content":{"rendered":"<p><span style=\"font-weight: 400;\">En GALLO, respetamos sus preocupaciones sobre privacidad y valoramos la relaci\u00f3n que tenemos con usted. Como muchas empresas, utilizamos tecnolog\u00eda en nuestro sitio web para recopilar informaci\u00f3n que nos ayuda a mejorar su experiencia y nuestros productos y servicios. Las cookies que utilizamos en GALLO permiten el funcionamiento de nuestro sitio web y nos ayudan entender qu\u00e9 informaci\u00f3n y publicidad son m\u00e1s \u00fatiles para los visitantes. <\/span><\/p>\n<p><span style=\"font-weight: 400;\">T\u00f3mese un momento para conocer nuestras pr\u00e1cticas de cookies y si tiene alguna pregunta, cont\u00e1ctenos a trav\u00e9s de nuestro <a href=\"https:\/\/www.galloportugal.com\/es\/contacte-con-nosotros\/\">formulario de contacto<\/a>.<\/span><\/p>\n<p><span style=\"font-weight: 400;\">Hemos tratado de mantener este Aviso lo m\u00e1s sencillo posible, pero si no est\u00e1 familiarizado con algunos t\u00e9rminos, como cookies, direcciones IP y navegadores, no dude en ponerse en contacto con GALLO para obtener m\u00e1s informaci\u00f3n o aclaraciones. <\/span><\/p>\n","protected":false},"excerpt":{"rendered":"<p>En GALLO, respetamos sus preocupaciones sobre privacidad y valoramos la relaci\u00f3n que tenemos con usted. Como muchas empresas, utilizamos tecnolog\u00eda en nuestro sitio web para recopilar informaci\u00f3n que nos ayuda a mejorar su experiencia y nuestros productos y servicios. Las cookies que utilizamos en GALLO permiten el funcionamiento de nuestro sitio web y nos ayudan &hellip; <\/p>\n<p class=\"link-more\"><a href=\"https:\/\/victorguedes.com\/es\/aviso-sobre-cookies\/\" class=\"more-link\">Continuar leyendo<span class=\"screen-reader-text\"> \u00abAviso sobre cookies\u00bb<\/span><\/a><\/p>\n","protected":false},"author":1,"featured_media":0,"parent":0,"menu_order":0,"comment_status":"closed","ping_status":"closed","template":"inc\/tmp-cookie.php","meta":{"footnotes":"","iawp_total_views":1},"acf":[],"aioseo_notices":[],"_links":{"self":[{"href":"https:\/\/victorguedes.com\/es\/wp-json\/wp\/v2\/pages\/2302"}],"collection":[{"href":"https:\/\/victorguedes.com\/es\/wp-json\/wp\/v2\/pages"}],"about":[{"href":"https:\/\/victorguedes.com\/es\/wp-json\/wp\/v2\/types\/page"}],"author":[{"embeddable":true,"href":"https:\/\/victorguedes.com\/es\/wp-json\/wp\/v2\/users\/1"}],"replies":[{"embeddable":true,"href":"https:\/\/victorguedes.com\/es\/wp-json\/wp\/v2\/comments?post=2302"}],"version-history":[{"count":6,"href":"https:\/\/victorguedes.com\/es\/wp-json\/wp\/v2\/pages\/2302\/revisions"}],"predecessor-version":[{"id":41662,"href":"https:\/\/victorguedes.com\/es\/wp-json\/wp\/v2\/pages\/2302\/revisions\/41662"}],"wp:attachment":[{"href":"https:\/\/victorguedes.com\/es\/wp-json\/wp\/v2\/media?parent=2302"}],"curies":[{"name":"wp","href":"https:\/\/api.w.org\/{rel}","templated":true}]}}