{"id":2283,"date":"2018-10-30T08:00:59","date_gmt":"2018-10-30T08:00:59","guid":{"rendered":"http:\/\/www.galloportugal.com\/politica-de-privacidade\/"},"modified":"2020-01-22T12:59:06","modified_gmt":"2020-01-22T12:59:06","slug":"aviso-de-privacidad","status":"publish","type":"page","link":"https:\/\/victorguedes.com\/es\/aviso-de-privacidad\/","title":{"rendered":"Aviso de Privacidad"},"content":{"rendered":"<p><span style=\"font-weight: 400;\">Sabemos que se preocupa por sus datos personales y c\u00f3mo se utilizan, por lo que deseamos que conf\u00ede en GALLO para recopilar y procesar sus datos personales. Este Aviso de Privacidad le ayudar\u00e1 a entender qu\u00e9 datos personales recopilamos, por qu\u00e9 lo hacemos y qu\u00e9 hacemos con ellos. <\/span><\/p>\n<p><span style=\"font-weight: 400;\">T\u00f3mese un momento para conocer nuestras pr\u00e1cticas de privacidad y si tiene alguna pregunta, cont\u00e1ctenos a trav\u00e9s de nuestro <a href=\"https:\/\/www.galloportugal.com\/es\/contacte-con-nosotros\/\">formulario de contacto.<\/a><\/span><\/p>\n<p><span style=\"font-weight: 400;\">Hemos tratado de mantener este Aviso lo m\u00e1s sencillo posible, pero si no est\u00e1 familiarizado con algunos t\u00e9rminos, como cookies, direcciones IP y navegadores, no dude en ponerse en contacto con GALLO para obtener m\u00e1s informaci\u00f3n o aclaraciones. <\/span><\/p>\n","protected":false},"excerpt":{"rendered":"<p>Sabemos que se preocupa por sus datos personales y c\u00f3mo se utilizan, por lo que deseamos que conf\u00ede en GALLO para recopilar y procesar sus datos personales. Este Aviso de Privacidad le ayudar\u00e1 a entender qu\u00e9 datos personales recopilamos, por qu\u00e9 lo hacemos y qu\u00e9 hacemos con ellos. T\u00f3mese un momento para conocer nuestras pr\u00e1cticas &hellip; <\/p>\n<p class=\"link-more\"><a href=\"https:\/\/victorguedes.com\/es\/aviso-de-privacidad\/\" class=\"more-link\">Continuar leyendo<span class=\"screen-reader-text\"> \u00abAviso de Privacidad\u00bb<\/span><\/a><\/p>\n","protected":false},"author":1,"featured_media":11721,"parent":0,"menu_order":0,"comment_status":"closed","ping_status":"closed","template":"inc\/tmp-cookie.php","meta":{"footnotes":"","iawp_total_views":2},"acf":[],"aioseo_notices":[],"_links":{"self":[{"href":"https:\/\/victorguedes.com\/es\/wp-json\/wp\/v2\/pages\/2283"}],"collection":[{"href":"https:\/\/victorguedes.com\/es\/wp-json\/wp\/v2\/pages"}],"about":[{"href":"https:\/\/victorguedes.com\/es\/wp-json\/wp\/v2\/types\/page"}],"author":[{"embeddable":true,"href":"https:\/\/victorguedes.com\/es\/wp-json\/wp\/v2\/users\/1"}],"replies":[{"embeddable":true,"href":"https:\/\/victorguedes.com\/es\/wp-json\/wp\/v2\/comments?post=2283"}],"version-history":[{"count":5,"href":"https:\/\/victorguedes.com\/es\/wp-json\/wp\/v2\/pages\/2283\/revisions"}],"predecessor-version":[{"id":41672,"href":"https:\/\/victorguedes.com\/es\/wp-json\/wp\/v2\/pages\/2283\/revisions\/41672"}],"wp:featuredmedia":[{"embeddable":true,"href":"https:\/\/victorguedes.com\/es\/wp-json\/wp\/v2\/media\/11721"}],"wp:attachment":[{"href":"https:\/\/victorguedes.com\/es\/wp-json\/wp\/v2\/media?parent=2283"}],"curies":[{"name":"wp","href":"https:\/\/api.w.org\/{rel}","templated":true}]}}