{"id":12851,"date":"2018-12-27T11:04:32","date_gmt":"2018-12-27T11:04:32","guid":{"rendered":"http:\/\/www.galloportugal.com\/?page_id=12851"},"modified":"2020-04-23T15:43:31","modified_gmt":"2020-04-23T15:43:31","slug":"nuestra-historia","status":"publish","type":"page","link":"https:\/\/victorguedes.com\/es\/nuestra-historia\/","title":{"rendered":"Nuestra Historia"},"content":{"rendered":"<h1>Un legado con 100 a\u00f1os de historia<\/h1>\n<p><em><span style=\"font-weight: 400;\">En 1860, en su f\u00e1brica de Abrantes, en Portugal, Victor Guedes so\u00f1\u00f3 con producir uno de los mejores aceites del mundo. Gracias a su dedicaci\u00f3n, naci\u00f3 el aceite Gallo. En 1919 se registr\u00f3 la marca y desde entonces no par\u00f3 de crecer e innovar, convirti\u00e9ndose en una referencia nacional e internacional. Hoy, la maestr\u00eda centenaria de Gallo lleva a su mesa no solo los mejores aceites sino tambi\u00e9n otros productos, con un enfoque constante en la calidad.<br \/>\n<\/span><\/em><\/p>\n<p>&nbsp;<\/p>\n<p>&nbsp;<\/p>\n","protected":false},"excerpt":{"rendered":"<p>Un legado con 100 a\u00f1os de historia En 1860, en su f\u00e1brica de Abrantes, en Portugal, Victor Guedes so\u00f1\u00f3 con producir uno de los mejores aceites del mundo. Gracias a su dedicaci\u00f3n, naci\u00f3 el aceite Gallo. En 1919 se registr\u00f3 la marca y desde entonces no par\u00f3 de crecer e innovar, convirti\u00e9ndose en una referencia &hellip; <\/p>\n<p class=\"link-more\"><a href=\"https:\/\/victorguedes.com\/es\/nuestra-historia\/\" class=\"more-link\">Continuar leyendo<span class=\"screen-reader-text\"> \u00abNuestra Historia\u00bb<\/span><\/a><\/p>\n","protected":false},"author":1,"featured_media":1475,"parent":0,"menu_order":0,"comment_status":"closed","ping_status":"closed","template":"inc\/tmp-history.php","meta":{"footnotes":"","iawp_total_views":29},"acf":[],"aioseo_notices":[],"_links":{"self":[{"href":"https:\/\/victorguedes.com\/es\/wp-json\/wp\/v2\/pages\/12851"}],"collection":[{"href":"https:\/\/victorguedes.com\/es\/wp-json\/wp\/v2\/pages"}],"about":[{"href":"https:\/\/victorguedes.com\/es\/wp-json\/wp\/v2\/types\/page"}],"author":[{"embeddable":true,"href":"https:\/\/victorguedes.com\/es\/wp-json\/wp\/v2\/users\/1"}],"replies":[{"embeddable":true,"href":"https:\/\/victorguedes.com\/es\/wp-json\/wp\/v2\/comments?post=12851"}],"version-history":[{"count":28,"href":"https:\/\/victorguedes.com\/es\/wp-json\/wp\/v2\/pages\/12851\/revisions"}],"predecessor-version":[{"id":34659,"href":"https:\/\/victorguedes.com\/es\/wp-json\/wp\/v2\/pages\/12851\/revisions\/34659"}],"wp:featuredmedia":[{"embeddable":true,"href":"https:\/\/victorguedes.com\/es\/wp-json\/wp\/v2\/media\/1475"}],"wp:attachment":[{"href":"https:\/\/victorguedes.com\/es\/wp-json\/wp\/v2\/media?parent=12851"}],"curies":[{"name":"wp","href":"https:\/\/api.w.org\/{rel}","templated":true}]}}