{"id":11929,"date":"2018-10-30T07:55:36","date_gmt":"2018-10-30T07:55:36","guid":{"rendered":"http:\/\/www.galloportugal.com\/?page_id=11929"},"modified":"2025-06-02T15:20:30","modified_gmt":"2025-06-02T15:20:30","slug":"nuestros-premios","status":"publish","type":"page","link":"https:\/\/victorguedes.com\/es\/nuestros-premios\/","title":{"rendered":"Nuestros premios"},"content":{"rendered":"<p><span style=\"font-size: 1rem;\">Seg\u00fan el EVOO World Ranking (Ranking Mundial de Aceite de Oliva Virgen Extra), un ranking sin \u00e1nimo de lucro que tiene como objetivo promocionar los aceites de oliva virgen extra m\u00e1s premiados del mundo, teniendo en cuenta los concursos m\u00e1s reconocidos del segmento, la marca Gallo es actualmente la empresa con mayor n\u00famero de premios internacionales, sumando un total de 143 reconocimientos. En 2022, Gallo celebr\u00f3 el hito de ser la marca portuguesa m\u00e1s premiada del mundo y ahora, en el ranking de 2024 puede celebrar un nuevo y mayor logro: ser la marca de aceite de oliva m\u00e1s premiada del mundo. Un resultado del que estamos muy orgullosos y que demuestra nuestra pasi\u00f3n por el sabor y el aroma de los aceites de oliva y nuestra incesante b\u00fasqueda de la perfecci\u00f3n. Descubra d\u00f3nde hemos ganado premios en los \u00faltimos a\u00f1os:<\/span><\/p>\n","protected":false},"excerpt":{"rendered":"<p>Seg\u00fan el EVOO World Ranking (Ranking Mundial de Aceite de Oliva Virgen Extra), un ranking sin \u00e1nimo de lucro que tiene como objetivo promocionar los aceites de oliva virgen extra m\u00e1s premiados del mundo, teniendo en cuenta los concursos m\u00e1s reconocidos del segmento, la marca Gallo es actualmente la empresa con mayor n\u00famero de premios &hellip; <\/p>\n<p class=\"link-more\"><a href=\"https:\/\/victorguedes.com\/es\/nuestros-premios\/\" class=\"more-link\">Continuar leyendo<span class=\"screen-reader-text\"> \u00abNuestros premios\u00bb<\/span><\/a><\/p>\n","protected":false},"author":1,"featured_media":53962,"parent":0,"menu_order":0,"comment_status":"closed","ping_status":"closed","template":"inc\/premios.php","meta":{"footnotes":"","iawp_total_views":2},"acf":[],"aioseo_notices":[],"_links":{"self":[{"href":"https:\/\/victorguedes.com\/es\/wp-json\/wp\/v2\/pages\/11929"}],"collection":[{"href":"https:\/\/victorguedes.com\/es\/wp-json\/wp\/v2\/pages"}],"about":[{"href":"https:\/\/victorguedes.com\/es\/wp-json\/wp\/v2\/types\/page"}],"author":[{"embeddable":true,"href":"https:\/\/victorguedes.com\/es\/wp-json\/wp\/v2\/users\/1"}],"replies":[{"embeddable":true,"href":"https:\/\/victorguedes.com\/es\/wp-json\/wp\/v2\/comments?post=11929"}],"version-history":[{"count":14,"href":"https:\/\/victorguedes.com\/es\/wp-json\/wp\/v2\/pages\/11929\/revisions"}],"predecessor-version":[{"id":788958,"href":"https:\/\/victorguedes.com\/es\/wp-json\/wp\/v2\/pages\/11929\/revisions\/788958"}],"wp:featuredmedia":[{"embeddable":true,"href":"https:\/\/victorguedes.com\/es\/wp-json\/wp\/v2\/media\/53962"}],"wp:attachment":[{"href":"https:\/\/victorguedes.com\/es\/wp-json\/wp\/v2\/media?parent=11929"}],"curies":[{"name":"wp","href":"https:\/\/api.w.org\/{rel}","templated":true}]}}