{"id":11861,"date":"2018-11-03T08:42:12","date_gmt":"2018-11-03T08:42:12","guid":{"rendered":"http:\/\/www.galloportugal.com\/?page_id=11861"},"modified":"2019-01-23T19:05:40","modified_gmt":"2019-01-23T19:05:40","slug":"reclutamiento","status":"publish","type":"page","link":"https:\/\/victorguedes.com\/es\/reclutamiento\/","title":{"rendered":"RECLUTAMIENTO"},"content":{"rendered":"<h2>\u00bfC\u00f3mo es trabajar en Gallo?<\/h2>\n<p>&nbsp;<\/p>\n<p><span style=\"font-weight: 400;\">Lo que nos mueve desde siempre es el placer de las conquistas.<\/span><\/p>\n<p><span style=\"font-weight: 400;\">En Gallo Worldwide respetamos el legado que nos inspira, pero nos atrevemos a hacer m\u00e1s, mejor y de manera diferente. Queremos hacerlo todos los d\u00edas: experimentar, probar, innovar, sin perder nunca de vista lo que nos ha tra\u00eddo hasta aqu\u00ed&#8230; el deseo de hacerlo mejor.<\/span><\/p>\n<p><span style=\"font-weight: 400;\">Vivimos de la pasi\u00f3n y del deseo de superarnos a diario.<\/span><\/p>\n<p><span style=\"font-weight: 400;\">Queremos tocar el alma de quienes nos eligen y entrar en la vida de las personas. Queremos conocer sus necesidades y dise\u00f1ar productos que las definan y que tengan una raz\u00f3n de existir para estar en sus momentos especiales.<\/span><\/p>\n","protected":false},"excerpt":{"rendered":"<p>\u00bfC\u00f3mo es trabajar en Gallo? &nbsp; Lo que nos mueve desde siempre es el placer de las conquistas. En Gallo Worldwide respetamos el legado que nos inspira, pero nos atrevemos a hacer m\u00e1s, mejor y de manera diferente. Queremos hacerlo todos los d\u00edas: experimentar, probar, innovar, sin perder nunca de vista lo que nos ha &hellip; <\/p>\n<p class=\"link-more\"><a href=\"https:\/\/victorguedes.com\/es\/reclutamiento\/\" class=\"more-link\">Continuar leyendo<span class=\"screen-reader-text\"> \u00abRECLUTAMIENTO\u00bb<\/span><\/a><\/p>\n","protected":false},"author":1,"featured_media":1513,"parent":0,"menu_order":0,"comment_status":"closed","ping_status":"closed","template":"inc\/tmp-recrutamento.php","meta":{"footnotes":"","iawp_total_views":4},"acf":[],"aioseo_notices":[],"_links":{"self":[{"href":"https:\/\/victorguedes.com\/es\/wp-json\/wp\/v2\/pages\/11861"}],"collection":[{"href":"https:\/\/victorguedes.com\/es\/wp-json\/wp\/v2\/pages"}],"about":[{"href":"https:\/\/victorguedes.com\/es\/wp-json\/wp\/v2\/types\/page"}],"author":[{"embeddable":true,"href":"https:\/\/victorguedes.com\/es\/wp-json\/wp\/v2\/users\/1"}],"replies":[{"embeddable":true,"href":"https:\/\/victorguedes.com\/es\/wp-json\/wp\/v2\/comments?post=11861"}],"version-history":[{"count":7,"href":"https:\/\/victorguedes.com\/es\/wp-json\/wp\/v2\/pages\/11861\/revisions"}],"predecessor-version":[{"id":17839,"href":"https:\/\/victorguedes.com\/es\/wp-json\/wp\/v2\/pages\/11861\/revisions\/17839"}],"wp:featuredmedia":[{"embeddable":true,"href":"https:\/\/victorguedes.com\/es\/wp-json\/wp\/v2\/media\/1513"}],"wp:attachment":[{"href":"https:\/\/victorguedes.com\/es\/wp-json\/wp\/v2\/media?parent=11861"}],"curies":[{"name":"wp","href":"https:\/\/api.w.org\/{rel}","templated":true}]}}