{"id":2299,"date":"2018-10-30T08:00:59","date_gmt":"2018-10-30T08:00:59","guid":{"rendered":"http:\/\/www.galloportugal.com\/politica-de-privacidade\/"},"modified":"2020-01-22T12:57:34","modified_gmt":"2020-01-22T12:57:34","slug":"datenschutzhinweis","status":"publish","type":"page","link":"https:\/\/victorguedes.com\/de\/datenschutzhinweis\/","title":{"rendered":"Datenschutzhinweis"},"content":{"rendered":"<p><span style=\"font-weight: 400;\">Wir wissen, dass Sie sich um Ihre personenbezogenen Daten sorgen und wissen m\u00f6chten, wie sie genutzt werden, und wir m\u00f6chten, dass Sie GALLO vertrauen, Ihre personenbezogenen Daten zu erfassen und zu bearbeiten. Dieser <\/span><\/p>\n<p><span style=\"font-weight: 400;\">Datenschutzhinweis wird Ihnen helfen, zu verstehen, welche personenbezogenen Daten wir erfassen, warum wir sie erfassen und was wir mit diesen machen werden. <\/span><\/p>\n<p><span style=\"font-weight: 400;\">Bitte nehmen Sie sich einen Moment Zeit, um mehr \u00fcber unsere Datenschutzhinweis zu erfahren. Wenn Sie Fragen haben, kontaktieren Sie uns bitte \u00fcber unser <a href=\"https:\/\/www.galloportugal.com\/de\/kontaktieren-sie-uns\/\">Kontaktformular<\/a>.<\/span><\/p>\n<p><span style=\"font-weight: 400;\">Wir haben versucht, diesen Hinweis so einfach wie m\u00f6glich zu halten, aber wenn Sie nicht mit Begriffen wie Cookies, IP-Adressen und Browsern vertraut sind, z\u00f6gern Sie nicht, GALLO f\u00fcr weitere Kl\u00e4rungen oder Informationen zu kontaktieren. <\/span><\/p>\n","protected":false},"excerpt":{"rendered":"<p>Wir wissen, dass Sie sich um Ihre personenbezogenen Daten sorgen und wissen m\u00f6chten, wie sie genutzt werden, und wir m\u00f6chten, dass Sie GALLO vertrauen, Ihre personenbezogenen Daten zu erfassen und zu bearbeiten. Dieser Datenschutzhinweis wird Ihnen helfen, zu verstehen, welche personenbezogenen Daten wir erfassen, warum wir sie erfassen und was wir mit diesen machen werden. &hellip; <\/p>\n<p class=\"link-more\"><a href=\"https:\/\/victorguedes.com\/de\/datenschutzhinweis\/\" class=\"more-link\"><span class=\"screen-reader-text\">\u201eDatenschutzhinweis\u201c<\/span> weiterlesen<\/a><\/p>\n","protected":false},"author":1,"featured_media":3523,"parent":0,"menu_order":0,"comment_status":"closed","ping_status":"closed","template":"inc\/tmp-cookie.php","meta":{"footnotes":"","iawp_total_views":0},"acf":[],"aioseo_notices":[],"_links":{"self":[{"href":"https:\/\/victorguedes.com\/de\/wp-json\/wp\/v2\/pages\/2299"}],"collection":[{"href":"https:\/\/victorguedes.com\/de\/wp-json\/wp\/v2\/pages"}],"about":[{"href":"https:\/\/victorguedes.com\/de\/wp-json\/wp\/v2\/types\/page"}],"author":[{"embeddable":true,"href":"https:\/\/victorguedes.com\/de\/wp-json\/wp\/v2\/users\/1"}],"replies":[{"embeddable":true,"href":"https:\/\/victorguedes.com\/de\/wp-json\/wp\/v2\/comments?post=2299"}],"version-history":[{"count":5,"href":"https:\/\/victorguedes.com\/de\/wp-json\/wp\/v2\/pages\/2299\/revisions"}],"predecessor-version":[{"id":41669,"href":"https:\/\/victorguedes.com\/de\/wp-json\/wp\/v2\/pages\/2299\/revisions\/41669"}],"wp:featuredmedia":[{"embeddable":true,"href":"https:\/\/victorguedes.com\/de\/wp-json\/wp\/v2\/media\/3523"}],"wp:attachment":[{"href":"https:\/\/victorguedes.com\/de\/wp-json\/wp\/v2\/media?parent=2299"}],"curies":[{"name":"wp","href":"https:\/\/api.w.org\/{rel}","templated":true}]}}