{"id":2286,"date":"2018-10-30T08:01:11","date_gmt":"2018-10-30T08:01:11","guid":{"rendered":"http:\/\/www.galloportugal.com\/politica-de-cookies\/"},"modified":"2020-01-22T12:57:30","modified_gmt":"2020-01-22T12:57:30","slug":"cookie-hinweis","status":"publish","type":"page","link":"https:\/\/victorguedes.com\/de\/cookie-hinweis\/","title":{"rendered":"Cookie-Hinweis"},"content":{"rendered":"<p><span style=\"font-weight: 400;\">Bei GALLO respektieren wir Ihre Bedenken hinsichtlich Datenschutz und sch\u00e4tzen sehr die Beziehung, die wir mit Ihnen haben. Wie viele andere Unternehmen, nutzen wir Technologie auf unserer Website, um Informationen zu erfassen, die uns helfen, Ihre Erfahrung und unsere Produkte und Dienstleistungen zu verbessern. Die Cookies, die wir bei GALLO verwenden, erm\u00f6glichen unserer Website zu funktionieren und hilft uns zu verstehen, welche Informationen und Werbung f\u00fcr die Besucher am n\u00fctzlichsten ist. <\/span><\/p>\n<p><span style=\"font-weight: 400;\">Bitte nehmen Sie sich einen Moment Zeit, um mehr \u00fcber unsere Cookie-Praktiken zu erfahren. Wenn Sie Fragen haben, kontaktieren Sie uns bitte \u00fcber unser <a href=\"https:\/\/www.galloportugal.com\/de\/kontaktieren-sie-uns\/\">Kontaktformular<\/a>.<\/span><\/p>\n<p><span style=\"font-weight: 400;\">Wir haben versucht, diesen Hinweis so einfach wie m\u00f6glich zu halten, aber wenn Sie nicht mit Begriffen wie Cookies, IP-Adressen und Browsern vertraut sind, z\u00f6gern Sie nicht, GALLO f\u00fcr weitere Kl\u00e4rung oder Information zu kontaktieren.<\/span><\/p>\n","protected":false},"excerpt":{"rendered":"<p>Bei GALLO respektieren wir Ihre Bedenken hinsichtlich Datenschutz und sch\u00e4tzen sehr die Beziehung, die wir mit Ihnen haben. Wie viele andere Unternehmen, nutzen wir Technologie auf unserer Website, um Informationen zu erfassen, die uns helfen, Ihre Erfahrung und unsere Produkte und Dienstleistungen zu verbessern. Die Cookies, die wir bei GALLO verwenden, erm\u00f6glichen unserer Website zu &hellip; <\/p>\n<p class=\"link-more\"><a href=\"https:\/\/victorguedes.com\/de\/cookie-hinweis\/\" class=\"more-link\"><span class=\"screen-reader-text\">\u201eCookie-Hinweis\u201c<\/span> weiterlesen<\/a><\/p>\n","protected":false},"author":1,"featured_media":3523,"parent":0,"menu_order":0,"comment_status":"closed","ping_status":"closed","template":"inc\/tmp-cookie.php","meta":{"footnotes":"","iawp_total_views":0},"acf":[],"aioseo_notices":[],"_links":{"self":[{"href":"https:\/\/victorguedes.com\/de\/wp-json\/wp\/v2\/pages\/2286"}],"collection":[{"href":"https:\/\/victorguedes.com\/de\/wp-json\/wp\/v2\/pages"}],"about":[{"href":"https:\/\/victorguedes.com\/de\/wp-json\/wp\/v2\/types\/page"}],"author":[{"embeddable":true,"href":"https:\/\/victorguedes.com\/de\/wp-json\/wp\/v2\/users\/1"}],"replies":[{"embeddable":true,"href":"https:\/\/victorguedes.com\/de\/wp-json\/wp\/v2\/comments?post=2286"}],"version-history":[{"count":7,"href":"https:\/\/victorguedes.com\/de\/wp-json\/wp\/v2\/pages\/2286\/revisions"}],"predecessor-version":[{"id":41660,"href":"https:\/\/victorguedes.com\/de\/wp-json\/wp\/v2\/pages\/2286\/revisions\/41660"}],"wp:featuredmedia":[{"embeddable":true,"href":"https:\/\/victorguedes.com\/de\/wp-json\/wp\/v2\/media\/3523"}],"wp:attachment":[{"href":"https:\/\/victorguedes.com\/de\/wp-json\/wp\/v2\/media?parent=2286"}],"curies":[{"name":"wp","href":"https:\/\/api.w.org\/{rel}","templated":true}]}}