{"id":16079,"date":"2019-01-05T14:38:08","date_gmt":"2019-01-05T14:38:08","guid":{"rendered":"http:\/\/www.galloportugal.com\/?page_id=16079"},"modified":"2025-08-11T11:06:49","modified_gmt":"2025-08-11T11:06:49","slug":"zertifizierte-qualitaet","status":"publish","type":"page","link":"https:\/\/victorguedes.com\/de\/zertifizierte-qualitaet\/","title":{"rendered":"Zertifizierte Qualit\u00e4t"},"content":{"rendered":"<p>Bevor die Oliven\u00f6le von Gallo aus unserer Fabrik in Abrantes, Portugal, in die weite Welt gelangen, werden sie strengen Qualit\u00e4tskontrollen unterzogen.<\/p>\n","protected":false},"excerpt":{"rendered":"<p>Bevor die Oliven\u00f6le von Gallo aus unserer Fabrik in Abrantes, Portugal, in die weite Welt gelangen, werden sie strengen Qualit\u00e4tskontrollen unterzogen.<\/p>\n","protected":false},"author":1,"featured_media":15183,"parent":0,"menu_order":0,"comment_status":"closed","ping_status":"closed","template":"inc\/tmp-certificate.php","meta":{"footnotes":"","iawp_total_views":5},"acf":[],"aioseo_notices":[],"_links":{"self":[{"href":"https:\/\/victorguedes.com\/de\/wp-json\/wp\/v2\/pages\/16079"}],"collection":[{"href":"https:\/\/victorguedes.com\/de\/wp-json\/wp\/v2\/pages"}],"about":[{"href":"https:\/\/victorguedes.com\/de\/wp-json\/wp\/v2\/types\/page"}],"author":[{"embeddable":true,"href":"https:\/\/victorguedes.com\/de\/wp-json\/wp\/v2\/users\/1"}],"replies":[{"embeddable":true,"href":"https:\/\/victorguedes.com\/de\/wp-json\/wp\/v2\/comments?post=16079"}],"version-history":[{"count":14,"href":"https:\/\/victorguedes.com\/de\/wp-json\/wp\/v2\/pages\/16079\/revisions"}],"predecessor-version":[{"id":794150,"href":"https:\/\/victorguedes.com\/de\/wp-json\/wp\/v2\/pages\/16079\/revisions\/794150"}],"wp:featuredmedia":[{"embeddable":true,"href":"https:\/\/victorguedes.com\/de\/wp-json\/wp\/v2\/media\/15183"}],"wp:attachment":[{"href":"https:\/\/victorguedes.com\/de\/wp-json\/wp\/v2\/media?parent=16079"}],"curies":[{"name":"wp","href":"https:\/\/api.w.org\/{rel}","templated":true}]}}