{"id":12858,"date":"2018-12-27T11:04:32","date_gmt":"2018-12-27T11:04:32","guid":{"rendered":"http:\/\/www.galloportugal.com\/?page_id=12858"},"modified":"2020-04-23T15:40:32","modified_gmt":"2020-04-23T15:40:32","slug":"unsere-geschichte","status":"publish","type":"page","link":"https:\/\/victorguedes.com\/de\/unsere-geschichte\/","title":{"rendered":"UNSERE GESCHICHTE"},"content":{"rendered":"<h1>Ein Erbe mit 100 Jahren Geschichte<\/h1>\n<p><em><span style=\"font-weight: 400;\">Victor Guedes tr\u00e4umte 1860 in seiner Fabrik in Abrantes, Portugal davon, einmal eines der besten Oliven\u00f6le der Welt herzustellen. Durch seine Hingabe entstand das Gallo Oliven\u00f6l. Die Marke wurde 1919 eingetragen und seither kam ihr Wachstum und ihre Innovation nie zum Stillstand. Die Marke eine nationale und internationale Referenz. Heute bringt die jahrhundertealte Meisterschaft von Gallo nicht nur die besten Oliven\u00f6le auf Ihren Tisch, sondern auch andere Produkte, stets mit dem Schwerpunkt auf Qualit\u00e4t.<\/span><\/em><\/p>\n<p>&nbsp;<\/p>\n<p>&nbsp;<\/p>\n","protected":false},"excerpt":{"rendered":"<p>Ein Erbe mit 100 Jahren Geschichte Victor Guedes tr\u00e4umte 1860 in seiner Fabrik in Abrantes, Portugal davon, einmal eines der besten Oliven\u00f6le der Welt herzustellen. Durch seine Hingabe entstand das Gallo Oliven\u00f6l. Die Marke wurde 1919 eingetragen und seither kam ihr Wachstum und ihre Innovation nie zum Stillstand. Die Marke eine nationale und internationale Referenz. &hellip; <\/p>\n<p class=\"link-more\"><a href=\"https:\/\/victorguedes.com\/de\/unsere-geschichte\/\" class=\"more-link\"><span class=\"screen-reader-text\">\u201eUNSERE GESCHICHTE\u201c<\/span> weiterlesen<\/a><\/p>\n","protected":false},"author":1,"featured_media":8501,"parent":0,"menu_order":0,"comment_status":"closed","ping_status":"closed","template":"inc\/tmp-history.php","meta":{"footnotes":"","iawp_total_views":2},"acf":[],"aioseo_notices":[],"_links":{"self":[{"href":"https:\/\/victorguedes.com\/de\/wp-json\/wp\/v2\/pages\/12858"}],"collection":[{"href":"https:\/\/victorguedes.com\/de\/wp-json\/wp\/v2\/pages"}],"about":[{"href":"https:\/\/victorguedes.com\/de\/wp-json\/wp\/v2\/types\/page"}],"author":[{"embeddable":true,"href":"https:\/\/victorguedes.com\/de\/wp-json\/wp\/v2\/users\/1"}],"replies":[{"embeddable":true,"href":"https:\/\/victorguedes.com\/de\/wp-json\/wp\/v2\/comments?post=12858"}],"version-history":[{"count":39,"href":"https:\/\/victorguedes.com\/de\/wp-json\/wp\/v2\/pages\/12858\/revisions"}],"predecessor-version":[{"id":34658,"href":"https:\/\/victorguedes.com\/de\/wp-json\/wp\/v2\/pages\/12858\/revisions\/34658"}],"wp:featuredmedia":[{"embeddable":true,"href":"https:\/\/victorguedes.com\/de\/wp-json\/wp\/v2\/media\/8501"}],"wp:attachment":[{"href":"https:\/\/victorguedes.com\/de\/wp-json\/wp\/v2\/media?parent=12858"}],"curies":[{"name":"wp","href":"https:\/\/api.w.org\/{rel}","templated":true}]}}