{"id":11923,"date":"2018-10-30T07:55:36","date_gmt":"2018-10-30T07:55:36","guid":{"rendered":"http:\/\/www.galloportugal.com\/?page_id=11923"},"modified":"2025-06-02T15:20:23","modified_gmt":"2025-06-02T15:20:23","slug":"unsere-auszeichnungen","status":"publish","type":"page","link":"https:\/\/victorguedes.com\/de\/unsere-auszeichnungen\/","title":{"rendered":"Unsere Auszeichnungen"},"content":{"rendered":"<p><span style=\"font-weight: 400;\">Laut der EVOO-Weltrangliste (World Ranking of Extra Virgin Olive Oil), einer gemeinn\u00fctzigen Rangliste, die sich zum Ziel gesetzt hat, die am meisten ausgezeichneten nativen Oliven\u00f6le extra der Welt zu f\u00f6rdern, wobei die renommiertesten Wettbewerbe in diesem Segment ber\u00fccksichtigt werden, ist die Marke Gallo derzeit das Unternehmen mit den meisten internationalen Auszeichnungen, insgesamt 143 Anerkennungen. Im Jahr 2022 feierte Gallo den Meilenstein, die meistausgezeichnete portugiesische Marke der Welt zu sein, und jetzt, in der Rangliste 2024, kann sie einen neuen und noch gr\u00f6\u00dferen Erfolg feiern: die meistausgezeichnete Oliven\u00f6lmarke der Welt zu sein. Ein Ergebnis, auf das wir sehr stolz sind und das unsere Leidenschaft f\u00fcr den Geschmack und das Aroma von Oliven\u00f6len und unser unerm\u00fcdliches Streben nach Perfektion beweist! <\/span>Entdecken Sie, wo wir in den letzten Jahren Auszeichnungen erhalten haben:<\/p>\n","protected":false},"excerpt":{"rendered":"<p>Laut der EVOO-Weltrangliste (World Ranking of Extra Virgin Olive Oil), einer gemeinn\u00fctzigen Rangliste, die sich zum Ziel gesetzt hat, die am meisten ausgezeichneten nativen Oliven\u00f6le extra der Welt zu f\u00f6rdern, wobei die renommiertesten Wettbewerbe in diesem Segment ber\u00fccksichtigt werden, ist die Marke Gallo derzeit das Unternehmen mit den meisten internationalen Auszeichnungen, insgesamt 143 Anerkennungen. Im &hellip; <\/p>\n<p class=\"link-more\"><a href=\"https:\/\/victorguedes.com\/de\/unsere-auszeichnungen\/\" class=\"more-link\"><span class=\"screen-reader-text\">\u201eUnsere Auszeichnungen\u201c<\/span> weiterlesen<\/a><\/p>\n","protected":false},"author":1,"featured_media":53958,"parent":0,"menu_order":0,"comment_status":"closed","ping_status":"closed","template":"inc\/premios.php","meta":{"footnotes":"","iawp_total_views":0},"acf":[],"aioseo_notices":[],"_links":{"self":[{"href":"https:\/\/victorguedes.com\/de\/wp-json\/wp\/v2\/pages\/11923"}],"collection":[{"href":"https:\/\/victorguedes.com\/de\/wp-json\/wp\/v2\/pages"}],"about":[{"href":"https:\/\/victorguedes.com\/de\/wp-json\/wp\/v2\/types\/page"}],"author":[{"embeddable":true,"href":"https:\/\/victorguedes.com\/de\/wp-json\/wp\/v2\/users\/1"}],"replies":[{"embeddable":true,"href":"https:\/\/victorguedes.com\/de\/wp-json\/wp\/v2\/comments?post=11923"}],"version-history":[{"count":11,"href":"https:\/\/victorguedes.com\/de\/wp-json\/wp\/v2\/pages\/11923\/revisions"}],"predecessor-version":[{"id":788957,"href":"https:\/\/victorguedes.com\/de\/wp-json\/wp\/v2\/pages\/11923\/revisions\/788957"}],"wp:featuredmedia":[{"embeddable":true,"href":"https:\/\/victorguedes.com\/de\/wp-json\/wp\/v2\/media\/53958"}],"wp:attachment":[{"href":"https:\/\/victorguedes.com\/de\/wp-json\/wp\/v2\/media?parent=11923"}],"curies":[{"name":"wp","href":"https:\/\/api.w.org\/{rel}","templated":true}]}}