{"id":11833,"date":"2018-11-03T08:42:12","date_gmt":"2018-11-03T08:42:12","guid":{"rendered":"http:\/\/www.galloportugal.com\/?page_id=11833"},"modified":"2019-01-23T18:58:49","modified_gmt":"2019-01-23T18:58:49","slug":"rekrutierung","status":"publish","type":"page","link":"https:\/\/victorguedes.com\/de\/rekrutierung\/","title":{"rendered":"REKRUTIERUNG"},"content":{"rendered":"<h2>Wie ist es, bei Gallo zu arbeiten?<\/p>\n<h2>\n<p>&nbsp;<\/p>\n<p><span style=\"font-weight: 400;\">Schon immer hat uns die Freude der Eroberungen angetrieben.<\/span><\/p>\n<p><span style=\"font-weight: 400;\">Bei Gallo Worldwide bewahren wir die uns inspirierende Erbe w\u00e4hrend wir es aber auch wagen mehr, Besseres und Anderes zu tun. Das m\u00f6chten wir jeden Tag machen: ausprobieren, testen, ver\u00e4ndern, ohne jemals den Aspekt aus den Augen zu verlieren, der uns bis hierher gebracht hat&#8230; den Willen zur Verbesserung.<\/span><\/p>\n<p><span style=\"font-weight: 400;\">Wir leben mit der Leidenschaft und dem Wunsch, uns t\u00e4glich zu \u00fcbertreffen.<\/span><\/p>\n<p><span style=\"font-weight: 400;\">Wir m\u00f6chten die Seele derjenigen r\u00fchren, die sich f\u00fcr uns entscheiden, und wir m\u00f6chten uns in das Leben der Menschen einbringen. Wir m\u00f6chten wissen, was sie brauchen und Produkte gestalten, die sie kennzeichnen. Wir m\u00f6chten, dass sie einen Grund f\u00fcr besondere Momente haben.<\/span><\/p>\n","protected":false},"excerpt":{"rendered":"<p>Wie ist es, bei Gallo zu arbeiten? &nbsp; Schon immer hat uns die Freude der Eroberungen angetrieben. Bei Gallo Worldwide bewahren wir die uns inspirierende Erbe w\u00e4hrend wir es aber auch wagen mehr, Besseres und Anderes zu tun. Das m\u00f6chten wir jeden Tag machen: ausprobieren, testen, ver\u00e4ndern, ohne jemals den Aspekt aus den Augen zu &hellip; <\/p>\n<p class=\"link-more\"><a href=\"https:\/\/victorguedes.com\/de\/rekrutierung\/\" class=\"more-link\"><span class=\"screen-reader-text\">\u201eREKRUTIERUNG\u201c<\/span> weiterlesen<\/a><\/p>\n","protected":false},"author":1,"featured_media":11836,"parent":0,"menu_order":0,"comment_status":"closed","ping_status":"closed","template":"inc\/tmp-recrutamento.php","meta":{"footnotes":"","iawp_total_views":1},"acf":[],"aioseo_notices":[],"_links":{"self":[{"href":"https:\/\/victorguedes.com\/de\/wp-json\/wp\/v2\/pages\/11833"}],"collection":[{"href":"https:\/\/victorguedes.com\/de\/wp-json\/wp\/v2\/pages"}],"about":[{"href":"https:\/\/victorguedes.com\/de\/wp-json\/wp\/v2\/types\/page"}],"author":[{"embeddable":true,"href":"https:\/\/victorguedes.com\/de\/wp-json\/wp\/v2\/users\/1"}],"replies":[{"embeddable":true,"href":"https:\/\/victorguedes.com\/de\/wp-json\/wp\/v2\/comments?post=11833"}],"version-history":[{"count":7,"href":"https:\/\/victorguedes.com\/de\/wp-json\/wp\/v2\/pages\/11833\/revisions"}],"predecessor-version":[{"id":17836,"href":"https:\/\/victorguedes.com\/de\/wp-json\/wp\/v2\/pages\/11833\/revisions\/17836"}],"wp:featuredmedia":[{"embeddable":true,"href":"https:\/\/victorguedes.com\/de\/wp-json\/wp\/v2\/media\/11836"}],"wp:attachment":[{"href":"https:\/\/victorguedes.com\/de\/wp-json\/wp\/v2\/media?parent=11833"}],"curies":[{"name":"wp","href":"https:\/\/api.w.org\/{rel}","templated":true}]}}